{"id":729,"date":"2015-06-23T09:57:17","date_gmt":"2015-06-23T07:57:17","guid":{"rendered":"https:\/\/gotlandexcursion.se\/?page_id=23"},"modified":"2024-09-23T13:00:34","modified_gmt":"2024-09-23T11:00:34","slug":"yhteystiedot-ja-tietoja-yrityksesta","status":"publish","type":"page","link":"https:\/\/gotlandexcursion.se\/fi\/yhteystiedot-ja-tietoja-yrityksesta\/","title":{"rendered":"Yhteystiedot ja tietoja yrityksest\u00e4"},"content":{"rendered":"<div id='full_slider_1'  class='avia-fullwidth-slider main_color avia-shadow   avia-builder-el-0  el_before_av_heading  avia-builder-el-first   container_wrap sidebar_right'  >\n<style type=\"text\/css\" data-created_by=\"avia_inline_auto\" id=\"style-css-av-69yhm1-eec11440a97949b1c0ee996d2a6d7906\">\n#top #wrap_all .avia-slideshow .av-slideshow-caption.av-69yhm1-eec11440a97949b1c0ee996d2a6d7906__0 .avia-caption-title{\nfont-size:30px;\ncolor:#ffffff;\n}\n<\/style>\n<div  class='avia-slideshow av-69yhm1-eec11440a97949b1c0ee996d2a6d7906 avia-slideshow-featured_large av_slideshow_full avia-fade-slider av-slideshow-ui av-control-minimal av-slideshow-autoplay av-loop-endless av-loop-manual-endless av-default-height-applied   avia-slideshow-1' data-slideshow-options=\"{&quot;animation&quot;:&quot;fade&quot;,&quot;autoplay&quot;:true,&quot;loop_autoplay&quot;:&quot;endless&quot;,&quot;interval&quot;:5,&quot;loop_manual&quot;:&quot;manual-endless&quot;,&quot;autoplay_stopper&quot;:false,&quot;noNavigation&quot;:false,&quot;bg_slider&quot;:false,&quot;keep_padding&quot;:false,&quot;hoverpause&quot;:false,&quot;show_slide_delay&quot;:0}\"  itemprop=\"image\" itemscope=\"itemscope\" itemtype=\"https:\/\/schema.org\/ImageObject\" ><ul class='avia-slideshow-inner ' style='padding-bottom: 42%;'><li  class='avia-slideshow-slide av-69yhm1-eec11440a97949b1c0ee996d2a6d7906__0  slide-1 slide-odd'><div data-rel='slideshow-1' class='avia-slide-wrap '   ><img decoding=\"async\" fetchpriority=\"high\" class=\"wp-image-186 avia-img-lazy-loading-not-186\"  src=\"https:\/\/gotlandexcursion.se\/fi\/wp-content\/uploads\/sites\/5\/2015\/06\/gotlandvisby4.jpg\" width=\"1500\" height=\"630\" title='gotlandvisby4' alt=''  itemprop=\"thumbnailUrl\" srcset=\"https:\/\/gotlandexcursion.se\/fi\/wp-content\/uploads\/sites\/5\/2015\/06\/gotlandvisby4.jpg 1500w, https:\/\/gotlandexcursion.se\/fi\/wp-content\/uploads\/sites\/5\/2015\/06\/gotlandvisby4-300x126.jpg 300w, https:\/\/gotlandexcursion.se\/fi\/wp-content\/uploads\/sites\/5\/2015\/06\/gotlandvisby4-768x323.jpg 768w, https:\/\/gotlandexcursion.se\/fi\/wp-content\/uploads\/sites\/5\/2015\/06\/gotlandvisby4-1030x433.jpg 1030w, https:\/\/gotlandexcursion.se\/fi\/wp-content\/uploads\/sites\/5\/2015\/06\/gotlandvisby4-705x296.jpg 705w, https:\/\/gotlandexcursion.se\/fi\/wp-content\/uploads\/sites\/5\/2015\/06\/gotlandvisby4-450x189.jpg 450w\" sizes=\"(max-width: 1500px) 100vw, 1500px\" \/><\/div><\/li><li  class='avia-slideshow-slide av-69yhm1-eec11440a97949b1c0ee996d2a6d7906__1  slide-2 slide-even'><div data-rel='slideshow-1' class='avia-slide-wrap '   ><img decoding=\"async\" fetchpriority=\"high\" class=\"wp-image-246 avia-img-lazy-loading-not-246\"  src=\"https:\/\/gotlandexcursion.se\/fi\/wp-content\/uploads\/sites\/5\/2015\/06\/about_2.jpg\" width=\"1500\" height=\"630\" title='about_2' alt=''  itemprop=\"thumbnailUrl\" srcset=\"https:\/\/gotlandexcursion.se\/fi\/wp-content\/uploads\/sites\/5\/2015\/06\/about_2.jpg 1500w, https:\/\/gotlandexcursion.se\/fi\/wp-content\/uploads\/sites\/5\/2015\/06\/about_2-300x126.jpg 300w, https:\/\/gotlandexcursion.se\/fi\/wp-content\/uploads\/sites\/5\/2015\/06\/about_2-768x323.jpg 768w, https:\/\/gotlandexcursion.se\/fi\/wp-content\/uploads\/sites\/5\/2015\/06\/about_2-1030x433.jpg 1030w, https:\/\/gotlandexcursion.se\/fi\/wp-content\/uploads\/sites\/5\/2015\/06\/about_2-705x296.jpg 705w, https:\/\/gotlandexcursion.se\/fi\/wp-content\/uploads\/sites\/5\/2015\/06\/about_2-450x189.jpg 450w\" sizes=\"(max-width: 1500px) 100vw, 1500px\" \/><\/div><\/li><li  class='avia-slideshow-slide av-69yhm1-eec11440a97949b1c0ee996d2a6d7906__2  slide-3 slide-odd'><div data-rel='slideshow-1' class='avia-slide-wrap '   ><img decoding=\"async\" fetchpriority=\"high\" class=\"wp-image-245 avia-img-lazy-loading-not-245\"  src=\"https:\/\/gotlandexcursion.se\/fi\/wp-content\/uploads\/sites\/5\/2015\/06\/about_3.jpg\" width=\"1500\" height=\"630\" title='about_3' alt=''  itemprop=\"thumbnailUrl\" srcset=\"https:\/\/gotlandexcursion.se\/fi\/wp-content\/uploads\/sites\/5\/2015\/06\/about_3.jpg 1500w, https:\/\/gotlandexcursion.se\/fi\/wp-content\/uploads\/sites\/5\/2015\/06\/about_3-300x126.jpg 300w, https:\/\/gotlandexcursion.se\/fi\/wp-content\/uploads\/sites\/5\/2015\/06\/about_3-768x323.jpg 768w, https:\/\/gotlandexcursion.se\/fi\/wp-content\/uploads\/sites\/5\/2015\/06\/about_3-1030x433.jpg 1030w, https:\/\/gotlandexcursion.se\/fi\/wp-content\/uploads\/sites\/5\/2015\/06\/about_3-705x296.jpg 705w, https:\/\/gotlandexcursion.se\/fi\/wp-content\/uploads\/sites\/5\/2015\/06\/about_3-450x189.jpg 450w\" sizes=\"(max-width: 1500px) 100vw, 1500px\" \/><\/div><\/li><li  class='avia-slideshow-slide av-69yhm1-eec11440a97949b1c0ee996d2a6d7906__3  slide-4 slide-even'><div data-rel='slideshow-1' class='avia-slide-wrap '   ><img decoding=\"async\" fetchpriority=\"high\" class=\"wp-image-244 avia-img-lazy-loading-not-244\"  src=\"https:\/\/gotlandexcursion.se\/fi\/wp-content\/uploads\/sites\/5\/2015\/06\/about_4.jpg\" width=\"1500\" height=\"630\" title='about_4' alt=''  itemprop=\"thumbnailUrl\" srcset=\"https:\/\/gotlandexcursion.se\/fi\/wp-content\/uploads\/sites\/5\/2015\/06\/about_4.jpg 1500w, https:\/\/gotlandexcursion.se\/fi\/wp-content\/uploads\/sites\/5\/2015\/06\/about_4-300x126.jpg 300w, https:\/\/gotlandexcursion.se\/fi\/wp-content\/uploads\/sites\/5\/2015\/06\/about_4-768x323.jpg 768w, https:\/\/gotlandexcursion.se\/fi\/wp-content\/uploads\/sites\/5\/2015\/06\/about_4-1030x433.jpg 1030w, https:\/\/gotlandexcursion.se\/fi\/wp-content\/uploads\/sites\/5\/2015\/06\/about_4-705x296.jpg 705w, https:\/\/gotlandexcursion.se\/fi\/wp-content\/uploads\/sites\/5\/2015\/06\/about_4-450x189.jpg 450w\" sizes=\"(max-width: 1500px) 100vw, 1500px\" \/><\/div><\/li><\/ul><div class='avia-slideshow-arrows avia-slideshow-controls' ><a href='#prev' class='prev-slide ' aria-hidden='true' data-av_icon='\ue87c' data-av_iconfont='entypo-fontello'  tabindex='-1'>Previous<\/a><a href='#next' class='next-slide ' aria-hidden='true' data-av_icon='\ue87d' data-av_iconfont='entypo-fontello'  tabindex='-1'>Next<\/a><\/div><div class='avia-slideshow-dots avia-slideshow-controls'><a href='#1' class='goto-slide active' >1<\/a><a href='#2' class='goto-slide ' >2<\/a><a href='#3' class='goto-slide ' >3<\/a><a href='#4' class='goto-slide ' >4<\/a><\/div><div class='av-slideshow-caption av-69yhm1-eec11440a97949b1c0ee996d2a6d7906__0 caption_fullwidth caption_bottom caption_bottom_framed caption_framed'><div class=\"container caption_container\"><div class=\"slideshow_caption\"><div class=\"slideshow_inner_caption\"><div class=\"slideshow_align_caption\"><h2 class='avia-caption-title '  itemprop=\"name\" >35 vuoden kokemus kiertomatkojen j\u00e4rjest\u00e4misest\u00e4<\/h2><\/div><\/div><\/div><\/div><\/div><\/div><\/div><div id='after_full_slider_1'  class='main_color av_default_container_wrap container_wrap sidebar_right'  ><div class='container av-section-cont-open' ><div class='template-page content  av-content-small alpha units'><div class='post-entry post-entry-type-page post-entry-729'><div class='entry-content-wrapper clearfix'>\n\n<style type=\"text\/css\" data-created_by=\"avia_inline_auto\" id=\"style-css-av-8np8p-dfc45e8ca3a80defa7e448d29bbb9c0f\">\n#top .av-special-heading.av-8np8p-dfc45e8ca3a80defa7e448d29bbb9c0f{\npadding-bottom:30px;\n}\nbody .av-special-heading.av-8np8p-dfc45e8ca3a80defa7e448d29bbb9c0f .av-special-heading-tag .heading-char{\nfont-size:25px;\n}\n.av-special-heading.av-8np8p-dfc45e8ca3a80defa7e448d29bbb9c0f .av-subheading{\nfont-size:15px;\n}\n<\/style>\n<div  class='av-special-heading av-8np8p-dfc45e8ca3a80defa7e448d29bbb9c0f av-special-heading-h1 blockquote modern-quote  avia-builder-el-1  el_after_av_slideshow_full  el_before_av_one_half  avia-builder-el-first '><h1 class='av-special-heading-tag '  itemprop=\"headline\"  >Gotland Excursion<\/h1><div class=\"special-heading-border\"><div class=\"special-heading-inner-border\"><\/div><\/div><\/div>\n<div class='flex_column_table av-56zbq1-e208391756dc26b78c4811f598e1bf7c sc-av_one_half av-equal-height-column-flextable'>\n<style type=\"text\/css\" data-created_by=\"avia_inline_auto\" id=\"style-css-av-56zbq1-e208391756dc26b78c4811f598e1bf7c\">\n.flex_column.av-56zbq1-e208391756dc26b78c4811f598e1bf7c{\nborder-radius:0px 0px 0px 0px;\npadding:0px 0px 0px 0px;\n}\n<\/style>\n<div  class='flex_column av-56zbq1-e208391756dc26b78c4811f598e1bf7c av_one_half  avia-builder-el-2  el_after_av_heading  el_before_av_one_half  first flex_column_table_cell av-equal-height-column av-align-top av-zero-column-padding  '     ><p><article  class='iconbox iconbox_top av-50vnjl-c85be4e449d4ac80d3d89f41180ae408  avia-builder-el-3  el_before_av_textblock  avia-builder-el-first  main_color'  itemscope=\"itemscope\" itemtype=\"https:\/\/schema.org\/CreativeWork\" ><div class=\"iconbox_content\"><header class=\"entry-content-header\" aria-label=\"Icon: Gotland Excursion\"><div class=\"iconbox_icon heading-color\" aria-hidden='true' data-av_icon='\ue83c' data-av_iconfont='entypo-fontello'><\/div><h3 class='iconbox_content_title '  itemprop=\"headline\" >Gotland Excursion<\/h3><\/header><div class='iconbox_content_container '  itemprop=\"text\" ><p>Cypressgatan 5<br \/>\n621\u00a022 Visby \u2013\u00a0Routsi<\/p>\n<p>S\u00e4hk\u00f6posti: info[at]gotlandexcursion.se<br \/>\nPuhelin: +46 498 24 90 02<\/p>\n<\/div><\/div><footer class=\"entry-footer\"><\/footer><\/article><br \/>\n<section  class='av_textblock_section av-1cxwsx-0a7c99a27953f5cf375ba9d0ab01e4fb '   itemscope=\"itemscope\" itemtype=\"https:\/\/schema.org\/CreativeWork\" ><div class='av-desktop-hide av-medium-hide av-small-hide av-mini-hide avia_textblock'  itemprop=\"text\" ><p>Gotland Excursionin henkil\u00f6kunnalla on yli 35 vuoden kokemus retkien, kiertoajelujen, konferenssien ja tapahtumien j\u00e4rjest\u00e4misest\u00e4. Tarjoamme palveluita ja retki\u00e4 my\u00f6s huviveneilij\u00f6ille ja risteilylaivoille.<\/p>\n<p>Vieraamme tulevat kaikkialta maailmasta. Asiakkaamme ovat yksityismatkailijoita, suuria ryhmi\u00e4 ja yritysasiakkaita.<\/p>\n<p>Gotland Excursion and Gotland Cruise Service tekee yhteisty\u00f6t\u00e4 AB Carl E. Ekman Shipbrokersin, Gotlannissa jo yli 150 vuotta toimineen yrityksen kanssa.<\/p>\n<p>Gotland Excursion ja\u00a0Carl E. Ekman\u00a0ovat 1.9.2014 alkaen olleet\u00a0Gotlands Stuveri AB:n kokonaan omistamia tyt\u00e4ryhti\u00f6it\u00e4.<\/p>\n<p>Ota meihin yhteytt\u00e4, niin r\u00e4\u00e4t\u00e4l\u00f6imme matkasi toiveidesi mukaisesti.<\/p>\n<\/div><\/section><\/p><\/div><div class='av-flex-placeholder'><\/div>\n<style type=\"text\/css\" data-created_by=\"avia_inline_auto\" id=\"style-css-av-44by7t-b27046faeb62a2831acb2df80c08b656\">\n.flex_column.av-44by7t-b27046faeb62a2831acb2df80c08b656{\nborder-radius:0px 0px 0px 0px;\npadding:0px 0px 0px 0px;\n}\n<\/style>\n<div  class='flex_column av-44by7t-b27046faeb62a2831acb2df80c08b656 av_one_half  avia-builder-el-5  el_after_av_one_half  el_before_av_one_full  flex_column_table_cell av-equal-height-column av-align-top av-zero-column-padding  '     ><p>\n<style type=\"text\/css\" data-created_by=\"avia_inline_auto\" id=\"style-css-av-2mtt61-0be4fb81b3368c3a4f82345f525aca21\">\n.avia-image-container.av-2mtt61-0be4fb81b3368c3a4f82345f525aca21 img.avia_image{\nbox-shadow:none;\n}\n.avia-image-container.av-2mtt61-0be4fb81b3368c3a4f82345f525aca21 .av-image-caption-overlay-center{\ncolor:#ffffff;\n}\n<\/style>\n<div  class='avia-image-container av-2mtt61-0be4fb81b3368c3a4f82345f525aca21 av-styling- avia-align-center  avia-builder-el-6  el_before_av_textblock  avia-builder-el-first  av-desktop-hide av-medium-hide av-small-hide av-mini-hide'   itemprop=\"image\" itemscope=\"itemscope\" itemtype=\"https:\/\/schema.org\/ImageObject\" ><div class=\"avia-image-container-inner\"><div class=\"avia-image-overlay-wrap\"><img decoding=\"async\" fetchpriority=\"high\" class='wp-image-224 avia-img-lazy-loading-not-224 avia_image ' src=\"https:\/\/gotlandexcursion.se\/fi\/wp-content\/uploads\/sites\/5\/2015\/06\/portrait-dummy.jpg\" alt='' title='portrait-dummy'  height=\"300\" width=\"300\"  itemprop=\"thumbnailUrl\" srcset=\"https:\/\/gotlandexcursion.se\/fi\/wp-content\/uploads\/sites\/5\/2015\/06\/portrait-dummy.jpg 300w, https:\/\/gotlandexcursion.se\/fi\/wp-content\/uploads\/sites\/5\/2015\/06\/portrait-dummy-80x80.jpg 80w, https:\/\/gotlandexcursion.se\/fi\/wp-content\/uploads\/sites\/5\/2015\/06\/portrait-dummy-36x36.jpg 36w, https:\/\/gotlandexcursion.se\/fi\/wp-content\/uploads\/sites\/5\/2015\/06\/portrait-dummy-180x180.jpg 180w, https:\/\/gotlandexcursion.se\/fi\/wp-content\/uploads\/sites\/5\/2015\/06\/portrait-dummy-120x120.jpg 120w\" sizes=\"(max-width: 300px) 100vw, 300px\" \/><\/div><\/div><\/div><br \/>\n<section  class='av_textblock_section av-2ef6vl-304140512c6d4d3a629674890182ce5d '   itemscope=\"itemscope\" itemtype=\"https:\/\/schema.org\/CreativeWork\" ><div class='av-desktop-hide av-medium-hide av-small-hide av-mini-hide avia_textblock'  itemprop=\"text\" ><p style=\"text-align: center\">Henrik Nehro Ahlqvist<br \/>\nToimitusjohtaja<\/p>\n<\/div><\/section><br \/>\n\n<style type=\"text\/css\" data-created_by=\"avia_inline_auto\" id=\"style-css-av-3hu6zd-d32d26e97c6305c9fca2a96fca92df58\">\n#top .hr.hr-invisible.av-3hu6zd-d32d26e97c6305c9fca2a96fca92df58{\nheight:20px;\n}\n<\/style>\n<div  class='hr av-3hu6zd-d32d26e97c6305c9fca2a96fca92df58 hr-invisible  avia-builder-el-8  el_after_av_textblock  el_before_av_image  av-desktop-hide av-medium-hide av-small-hide av-mini-hide'><span class='hr-inner '><span class=\"hr-inner-style\"><\/span><\/span><\/div><br \/>\n\n<style type=\"text\/css\" data-created_by=\"avia_inline_auto\" id=\"style-css-av-3dx7d5-6c9d0d0fc68c301a2fda4a72a04ef316\">\n.avia-image-container.av-3dx7d5-6c9d0d0fc68c301a2fda4a72a04ef316 img.avia_image{\nbox-shadow:none;\n}\n.avia-image-container.av-3dx7d5-6c9d0d0fc68c301a2fda4a72a04ef316 .av-image-caption-overlay-center{\ncolor:#ffffff;\n}\n<\/style>\n<div  class='avia-image-container av-3dx7d5-6c9d0d0fc68c301a2fda4a72a04ef316 av-styling- avia-align-center  avia-builder-el-9  el_after_av_hr  el_before_av_textblock  av-desktop-hide av-medium-hide av-small-hide av-mini-hide'   itemprop=\"image\" itemscope=\"itemscope\" itemtype=\"https:\/\/schema.org\/ImageObject\" ><div class=\"avia-image-container-inner\"><div class=\"avia-image-overlay-wrap\"><img decoding=\"async\" fetchpriority=\"high\" class='wp-image-594 avia-img-lazy-loading-not-594 avia_image ' src=\"https:\/\/gotlandexcursion.se\/fi\/wp-content\/uploads\/sites\/5\/2016\/02\/AnetteBerg_web.jpg\" alt='' title='AnetteBerg_web'  height=\"260\" width=\"260\"  itemprop=\"thumbnailUrl\" srcset=\"https:\/\/gotlandexcursion.se\/fi\/wp-content\/uploads\/sites\/5\/2016\/02\/AnetteBerg_web.jpg 260w, https:\/\/gotlandexcursion.se\/fi\/wp-content\/uploads\/sites\/5\/2016\/02\/AnetteBerg_web-80x80.jpg 80w, https:\/\/gotlandexcursion.se\/fi\/wp-content\/uploads\/sites\/5\/2016\/02\/AnetteBerg_web-36x36.jpg 36w, https:\/\/gotlandexcursion.se\/fi\/wp-content\/uploads\/sites\/5\/2016\/02\/AnetteBerg_web-180x180.jpg 180w, https:\/\/gotlandexcursion.se\/fi\/wp-content\/uploads\/sites\/5\/2016\/02\/AnetteBerg_web-120x120.jpg 120w\" sizes=\"(max-width: 260px) 100vw, 260px\" \/><\/div><\/div><\/div><br \/>\n<section  class='av_textblock_section av-3a01kp-8e76dcc409037ebb5110302b598c211d '   itemscope=\"itemscope\" itemtype=\"https:\/\/schema.org\/CreativeWork\" ><div class='av-desktop-hide av-medium-hide av-small-hide av-mini-hide avia_textblock'  itemprop=\"text\" ><p style=\"text-align: center\">Anette Berg<br \/>\nHallinto<\/p>\n<\/div><\/section><br \/>\n\n<style type=\"text\/css\" data-created_by=\"avia_inline_auto\" id=\"style-css-av-3hu6zd-1-7a7cca1eeef2c16f0c5c6e4b9bac6ed7\">\n#top .hr.hr-invisible.av-3hu6zd-1-7a7cca1eeef2c16f0c5c6e4b9bac6ed7{\nheight:20px;\n}\n<\/style>\n<div  class='hr av-3hu6zd-1-7a7cca1eeef2c16f0c5c6e4b9bac6ed7 hr-invisible  avia-builder-el-11  el_after_av_textblock  el_before_av_image  av-desktop-hide av-medium-hide av-small-hide av-mini-hide'><span class='hr-inner '><span class=\"hr-inner-style\"><\/span><\/span><\/div><br \/>\n\n<style type=\"text\/css\" data-created_by=\"avia_inline_auto\" id=\"style-css-av-31xt9t-ee4766975d3f21dfcb53c8f8d0fbfa75\">\n.avia-image-container.av-31xt9t-ee4766975d3f21dfcb53c8f8d0fbfa75 img.avia_image{\nbox-shadow:none;\n}\n.avia-image-container.av-31xt9t-ee4766975d3f21dfcb53c8f8d0fbfa75 .av-image-caption-overlay-center{\ncolor:#ffffff;\n}\n<\/style>\n<div  class='avia-image-container av-31xt9t-ee4766975d3f21dfcb53c8f8d0fbfa75 av-styling- avia-align-center  avia-builder-el-12  el_after_av_hr  el_before_av_textblock  av-desktop-hide av-medium-hide av-small-hide av-mini-hide'   itemprop=\"image\" itemscope=\"itemscope\" itemtype=\"https:\/\/schema.org\/ImageObject\" ><div class=\"avia-image-container-inner\"><div class=\"avia-image-overlay-wrap\"><img decoding=\"async\" fetchpriority=\"high\" class='wp-image-595 avia-img-lazy-loading-not-595 avia_image ' src=\"https:\/\/gotlandexcursion.se\/fi\/wp-content\/uploads\/sites\/5\/2016\/02\/ErikaHolstensson_web.jpg\" alt='' title='ErikaHolstensson_web'  height=\"260\" width=\"260\"  itemprop=\"thumbnailUrl\" srcset=\"https:\/\/gotlandexcursion.se\/fi\/wp-content\/uploads\/sites\/5\/2016\/02\/ErikaHolstensson_web.jpg 260w, https:\/\/gotlandexcursion.se\/fi\/wp-content\/uploads\/sites\/5\/2016\/02\/ErikaHolstensson_web-80x80.jpg 80w, https:\/\/gotlandexcursion.se\/fi\/wp-content\/uploads\/sites\/5\/2016\/02\/ErikaHolstensson_web-36x36.jpg 36w, https:\/\/gotlandexcursion.se\/fi\/wp-content\/uploads\/sites\/5\/2016\/02\/ErikaHolstensson_web-180x180.jpg 180w, https:\/\/gotlandexcursion.se\/fi\/wp-content\/uploads\/sites\/5\/2016\/02\/ErikaHolstensson_web-120x120.jpg 120w\" sizes=\"(max-width: 260px) 100vw, 260px\" \/><\/div><\/div><\/div><br \/>\n<section  class='av_textblock_section av-2wfkp5-fa29ae0b0e572e853ae103a96e23bcbb '   itemscope=\"itemscope\" itemtype=\"https:\/\/schema.org\/CreativeWork\" ><div class='av-desktop-hide av-medium-hide av-small-hide av-mini-hide avia_textblock'  itemprop=\"text\" ><p style=\"text-align: center\">Erika Holstensson<br \/>\nTalous<\/p>\n<\/div><\/section><\/p><\/div><\/div><!--close column table wrapper. Autoclose: 1 --><\/p>\n\n<style type=\"text\/css\" data-created_by=\"avia_inline_auto\" id=\"style-css-av-vlpcp-8b910d4bb358de69c89166026c933d23\">\n.flex_column.av-vlpcp-8b910d4bb358de69c89166026c933d23{\nborder-radius:0px 0px 0px 0px;\npadding:0px 0px 0px 0px;\n}\n<\/style>\n<div  class='flex_column av-vlpcp-8b910d4bb358de69c89166026c933d23 av_one_full  avia-builder-el-14  el_after_av_one_half  el_before_av_hr  first flex_column_div av-zero-column-padding  column-top-margin'     ><p>\n<style type=\"text\/css\" data-created_by=\"avia_inline_auto\" id=\"style-css-av-2j9a9-308bed6ccdcbbaa63947f1b260a606e6\">\n#top .av-special-heading.av-2j9a9-308bed6ccdcbbaa63947f1b260a606e6{\npadding-bottom:10px;\n}\nbody .av-special-heading.av-2j9a9-308bed6ccdcbbaa63947f1b260a606e6 .av-special-heading-tag .heading-char{\nfont-size:25px;\n}\n.av-special-heading.av-2j9a9-308bed6ccdcbbaa63947f1b260a606e6 .av-subheading{\nfont-size:15px;\n}\n<\/style>\n<div  class='av-special-heading av-2j9a9-308bed6ccdcbbaa63947f1b260a606e6 av-special-heading-h3 blockquote modern-quote  avia-builder-el-15  el_before_av_google_map  avia-builder-el-no-sibling '><h3 class='av-special-heading-tag '  itemprop=\"headline\"  >L\u00f6yd\u00e4 meid\u00e4t<\/h3><div class=\"special-heading-border\"><div class=\"special-heading-inner-border\"><\/div><\/div><\/div><br \/>\n<div  class='av_gmaps_sc_main_wrap av_gmaps_main_wrap '><div id='av_gmap_0' class='avia-google-map-container avia-google-map-sc av_gmaps_show_unconditionally av-no-fallback-img ' data-mapid='av_gmap_0'  style='height: 600px;'><a class=\"av_gmaps_browser_disabled av_text_confirm_link av_text_confirm_link_visible\" href=\"https:\/\/www.google.com\/maps\/search\/?api=1&#038;query=Cypressgatan%205%20%20Visby%20%20Sweden\" target=\"_blank\">Maps were disabled by the visitor on this site. Click to open the map in a new window.<\/a><\/div><\/div><\/p><\/div>\n\n<style type=\"text\/css\" data-created_by=\"avia_inline_auto\" id=\"style-css-av-13ky1-a4a90110c7fdbf3626e36fc8aedafe1b\">\n#top .hr.hr-invisible.av-13ky1-a4a90110c7fdbf3626e36fc8aedafe1b{\nheight:50px;\n}\n<\/style>\n<div  class='hr av-13ky1-a4a90110c7fdbf3626e36fc8aedafe1b hr-invisible  avia-builder-el-17  el_after_av_one_full  avia-builder-el-last '><span class='hr-inner '><span class=\"hr-inner-style\"><\/span><\/span><\/div>\n","protected":false},"excerpt":{"rendered":"","protected":false},"author":1,"featured_media":0,"parent":0,"menu_order":4,"comment_status":"open","ping_status":"open","template":"","meta":{"footnotes":""},"class_list":["post-729","page","type-page","status-publish","hentry"],"_links":{"self":[{"href":"https:\/\/gotlandexcursion.se\/fi\/wp-json\/wp\/v2\/pages\/729","targetHints":{"allow":["GET"]}}],"collection":[{"href":"https:\/\/gotlandexcursion.se\/fi\/wp-json\/wp\/v2\/pages"}],"about":[{"href":"https:\/\/gotlandexcursion.se\/fi\/wp-json\/wp\/v2\/types\/page"}],"author":[{"embeddable":true,"href":"https:\/\/gotlandexcursion.se\/fi\/wp-json\/wp\/v2\/users\/1"}],"replies":[{"embeddable":true,"href":"https:\/\/gotlandexcursion.se\/fi\/wp-json\/wp\/v2\/comments?post=729"}],"version-history":[{"count":17,"href":"https:\/\/gotlandexcursion.se\/fi\/wp-json\/wp\/v2\/pages\/729\/revisions"}],"predecessor-version":[{"id":857,"href":"https:\/\/gotlandexcursion.se\/fi\/wp-json\/wp\/v2\/pages\/729\/revisions\/857"}],"wp:attachment":[{"href":"https:\/\/gotlandexcursion.se\/fi\/wp-json\/wp\/v2\/media?parent=729"}],"curies":[{"name":"wp","href":"https:\/\/api.w.org\/{rel}","templated":true}]}}