{"id":727,"date":"2015-06-23T09:54:46","date_gmt":"2015-06-23T07:54:46","guid":{"rendered":"https:\/\/gotlandexcursion.se\/?page_id=16"},"modified":"2017-03-28T08:50:54","modified_gmt":"2017-03-28T06:50:54","slug":"etusivu","status":"publish","type":"page","link":"https:\/\/gotlandexcursion.se\/fi\/","title":{"rendered":"Etusivu"},"content":{"rendered":"<div id='full_slider_1'  class='avia-fullwidth-slider main_color avia-shadow   avia-builder-el-0  el_before_av_heading  avia-builder-el-first   container_wrap sidebar_right'  >\n<style type=\"text\/css\" data-created_by=\"avia_inline_auto\" id=\"style-css-av-av_slideshow_full-43ade9aaa07fbc3dcd7bf07ad114380a\">\n#top #wrap_all .avia-slideshow .av-slideshow-caption.av-av_slideshow_full-43ade9aaa07fbc3dcd7bf07ad114380a__0 .avia-caption-title{\nfont-size:72px;\ncolor:#ffffff;\n}\n#top #wrap_all .avia-slideshow .av-slideshow-caption.av-av_slideshow_full-43ade9aaa07fbc3dcd7bf07ad114380a__1 .avia-caption-title{\nfont-size:30px;\ncolor:#ffffff;\n}\n#top #wrap_all .avia-slideshow .av-slideshow-caption.av-av_slideshow_full-43ade9aaa07fbc3dcd7bf07ad114380a__2 .avia-caption-title{\nfont-size:36px;\ncolor:#ffffff;\n}\n#top #wrap_all .avia-slideshow .av-slideshow-caption.av-av_slideshow_full-43ade9aaa07fbc3dcd7bf07ad114380a__3 .avia-caption-title{\nfont-size:36px;\ncolor:#222222;\n}\n<\/style>\n<div  class='avia-slideshow av-av_slideshow_full-43ade9aaa07fbc3dcd7bf07ad114380a avia-slideshow-featured_large av_slideshow_full avia-fade-slider av-slideshow-ui av-control-minimal av-slideshow-autoplay av-loop-endless av-loop-manual-endless av-default-height-applied   avia-slideshow-1' data-slideshow-options=\"{&quot;animation&quot;:&quot;fade&quot;,&quot;autoplay&quot;:true,&quot;loop_autoplay&quot;:&quot;endless&quot;,&quot;interval&quot;:5,&quot;loop_manual&quot;:&quot;manual-endless&quot;,&quot;autoplay_stopper&quot;:false,&quot;noNavigation&quot;:false,&quot;bg_slider&quot;:false,&quot;keep_padding&quot;:false,&quot;hoverpause&quot;:false,&quot;show_slide_delay&quot;:0}\"  itemprop=\"image\" itemscope=\"itemscope\" itemtype=\"https:\/\/schema.org\/ImageObject\" ><ul class='avia-slideshow-inner ' style='padding-bottom: 42%;'><li  class='avia-slideshow-slide av-av_slideshow_full-43ade9aaa07fbc3dcd7bf07ad114380a__0  slide-1 slide-odd'><div data-rel='slideshow-1' class='avia-slide-wrap '   ><div class='av-slideshow-caption av-av_slideshow_full-43ade9aaa07fbc3dcd7bf07ad114380a__0 caption_fullwidth caption_bottom'><div class=\"container caption_container\"><div class=\"slideshow_caption\"><div class=\"slideshow_inner_caption\"><div class=\"slideshow_align_caption\"><h2 class='avia-caption-title '  itemprop=\"name\" >Tervetuloa Gotlantiin \u2013 vastakohtien saarelle!<\/h2><\/div><\/div><\/div><\/div><\/div><img decoding=\"async\" fetchpriority=\"high\" class=\"wp-image-496 avia-img-lazy-loading-not-496\"  src=\"https:\/\/gotlandexcursion.se\/fi\/wp-content\/uploads\/sites\/5\/2015\/06\/home_v2_1.jpg\" width=\"1500\" height=\"630\" title='home_v2_1' alt=''  itemprop=\"thumbnailUrl\" srcset=\"https:\/\/gotlandexcursion.se\/fi\/wp-content\/uploads\/sites\/5\/2015\/06\/home_v2_1.jpg 1500w, https:\/\/gotlandexcursion.se\/fi\/wp-content\/uploads\/sites\/5\/2015\/06\/home_v2_1-300x126.jpg 300w, https:\/\/gotlandexcursion.se\/fi\/wp-content\/uploads\/sites\/5\/2015\/06\/home_v2_1-768x323.jpg 768w, https:\/\/gotlandexcursion.se\/fi\/wp-content\/uploads\/sites\/5\/2015\/06\/home_v2_1-1030x433.jpg 1030w, https:\/\/gotlandexcursion.se\/fi\/wp-content\/uploads\/sites\/5\/2015\/06\/home_v2_1-705x296.jpg 705w, https:\/\/gotlandexcursion.se\/fi\/wp-content\/uploads\/sites\/5\/2015\/06\/home_v2_1-450x189.jpg 450w\" sizes=\"(max-width: 1500px) 100vw, 1500px\" \/><\/div><\/li><li  class='avia-slideshow-slide av-av_slideshow_full-43ade9aaa07fbc3dcd7bf07ad114380a__1  slide-2 slide-even'><div data-rel='slideshow-1' class='avia-slide-wrap '   ><div class='av-slideshow-caption av-av_slideshow_full-43ade9aaa07fbc3dcd7bf07ad114380a__1 caption_fullwidth caption_bottom caption_bottom_framed caption_framed'><div class=\"container caption_container\"><div class=\"slideshow_caption\"><div class=\"slideshow_inner_caption\"><div class=\"slideshow_align_caption\"><h2 class='avia-caption-title '  itemprop=\"name\" >Tervetuloa Gotlantiin ja Visbyn keskiaikaiseen kaupunkiin<\/h2><\/div><\/div><\/div><\/div><\/div><img decoding=\"async\" fetchpriority=\"high\" class=\"wp-image-129 avia-img-lazy-loading-not-129\"  src=\"https:\/\/gotlandexcursion.se\/fi\/wp-content\/uploads\/sites\/5\/2015\/06\/slide_2.jpg\" width=\"1500\" height=\"630\" title='slide_2' alt=''  itemprop=\"thumbnailUrl\" srcset=\"https:\/\/gotlandexcursion.se\/fi\/wp-content\/uploads\/sites\/5\/2015\/06\/slide_2.jpg 1500w, https:\/\/gotlandexcursion.se\/fi\/wp-content\/uploads\/sites\/5\/2015\/06\/slide_2-300x126.jpg 300w, https:\/\/gotlandexcursion.se\/fi\/wp-content\/uploads\/sites\/5\/2015\/06\/slide_2-768x323.jpg 768w, https:\/\/gotlandexcursion.se\/fi\/wp-content\/uploads\/sites\/5\/2015\/06\/slide_2-1030x433.jpg 1030w, https:\/\/gotlandexcursion.se\/fi\/wp-content\/uploads\/sites\/5\/2015\/06\/slide_2-705x296.jpg 705w, https:\/\/gotlandexcursion.se\/fi\/wp-content\/uploads\/sites\/5\/2015\/06\/slide_2-450x189.jpg 450w\" sizes=\"(max-width: 1500px) 100vw, 1500px\" \/><\/div><\/li><li  class='avia-slideshow-slide av-av_slideshow_full-43ade9aaa07fbc3dcd7bf07ad114380a__2  slide-3 slide-odd'><div data-rel='slideshow-1' class='avia-slide-wrap '   ><div class='av-slideshow-caption av-av_slideshow_full-43ade9aaa07fbc3dcd7bf07ad114380a__2 caption_fullwidth caption_bottom'><div class=\"container caption_container\"><div class=\"slideshow_caption\"><div class=\"slideshow_inner_caption\"><div class=\"slideshow_align_caption\"><h2 class='avia-caption-title '  itemprop=\"name\" >Gotlannin makuja<\/h2><\/div><\/div><\/div><\/div><\/div><img decoding=\"async\" fetchpriority=\"high\" class=\"wp-image-138 avia-img-lazy-loading-not-138\"  src=\"https:\/\/gotlandexcursion.se\/fi\/wp-content\/uploads\/sites\/5\/2015\/06\/slide_3.jpg\" width=\"1500\" height=\"630\" title='slide_3' alt=''  itemprop=\"thumbnailUrl\" srcset=\"https:\/\/gotlandexcursion.se\/fi\/wp-content\/uploads\/sites\/5\/2015\/06\/slide_3.jpg 1500w, https:\/\/gotlandexcursion.se\/fi\/wp-content\/uploads\/sites\/5\/2015\/06\/slide_3-300x126.jpg 300w, https:\/\/gotlandexcursion.se\/fi\/wp-content\/uploads\/sites\/5\/2015\/06\/slide_3-768x323.jpg 768w, https:\/\/gotlandexcursion.se\/fi\/wp-content\/uploads\/sites\/5\/2015\/06\/slide_3-1030x433.jpg 1030w, https:\/\/gotlandexcursion.se\/fi\/wp-content\/uploads\/sites\/5\/2015\/06\/slide_3-705x296.jpg 705w, https:\/\/gotlandexcursion.se\/fi\/wp-content\/uploads\/sites\/5\/2015\/06\/slide_3-450x189.jpg 450w\" sizes=\"(max-width: 1500px) 100vw, 1500px\" \/><\/div><\/li><li  class='avia-slideshow-slide av-av_slideshow_full-43ade9aaa07fbc3dcd7bf07ad114380a__3  slide-4 slide-even'><div data-rel='slideshow-1' class='avia-slide-wrap '   ><div class='av-slideshow-caption av-av_slideshow_full-43ade9aaa07fbc3dcd7bf07ad114380a__3 caption_fullwidth caption_bottom'><div class=\"container caption_container\"><div class=\"slideshow_caption\"><div class=\"slideshow_inner_caption\"><div class=\"slideshow_align_caption\"><h2 class='avia-caption-title '  itemprop=\"name\" >Inspiraatiota kiertomatkalta<\/h2><\/div><\/div><\/div><\/div><\/div><img decoding=\"async\" fetchpriority=\"high\" class=\"wp-image-141 avia-img-lazy-loading-not-141\"  src=\"https:\/\/gotlandexcursion.se\/fi\/wp-content\/uploads\/sites\/5\/2015\/06\/slide_4.jpg\" width=\"1500\" height=\"630\" title='slide_4' alt=''  itemprop=\"thumbnailUrl\" srcset=\"https:\/\/gotlandexcursion.se\/fi\/wp-content\/uploads\/sites\/5\/2015\/06\/slide_4.jpg 1500w, https:\/\/gotlandexcursion.se\/fi\/wp-content\/uploads\/sites\/5\/2015\/06\/slide_4-300x126.jpg 300w, https:\/\/gotlandexcursion.se\/fi\/wp-content\/uploads\/sites\/5\/2015\/06\/slide_4-768x323.jpg 768w, https:\/\/gotlandexcursion.se\/fi\/wp-content\/uploads\/sites\/5\/2015\/06\/slide_4-1030x433.jpg 1030w, https:\/\/gotlandexcursion.se\/fi\/wp-content\/uploads\/sites\/5\/2015\/06\/slide_4-705x296.jpg 705w, https:\/\/gotlandexcursion.se\/fi\/wp-content\/uploads\/sites\/5\/2015\/06\/slide_4-450x189.jpg 450w\" sizes=\"(max-width: 1500px) 100vw, 1500px\" \/><\/div><\/li><li  class='avia-slideshow-slide av-av_slideshow_full-43ade9aaa07fbc3dcd7bf07ad114380a__4  slide-5 slide-odd'><div data-rel='slideshow-1' class='avia-slide-wrap '   ><img decoding=\"async\" fetchpriority=\"high\" class=\"wp-image-501 avia-img-lazy-loading-not-501\"  src=\"https:\/\/gotlandexcursion.se\/fi\/wp-content\/uploads\/sites\/5\/2015\/06\/home_v2_4.jpg\" width=\"1500\" height=\"630\" title='home_v2_4' alt=''  itemprop=\"thumbnailUrl\" srcset=\"https:\/\/gotlandexcursion.se\/fi\/wp-content\/uploads\/sites\/5\/2015\/06\/home_v2_4.jpg 1500w, https:\/\/gotlandexcursion.se\/fi\/wp-content\/uploads\/sites\/5\/2015\/06\/home_v2_4-300x126.jpg 300w, https:\/\/gotlandexcursion.se\/fi\/wp-content\/uploads\/sites\/5\/2015\/06\/home_v2_4-768x323.jpg 768w, https:\/\/gotlandexcursion.se\/fi\/wp-content\/uploads\/sites\/5\/2015\/06\/home_v2_4-1030x433.jpg 1030w, https:\/\/gotlandexcursion.se\/fi\/wp-content\/uploads\/sites\/5\/2015\/06\/home_v2_4-705x296.jpg 705w, https:\/\/gotlandexcursion.se\/fi\/wp-content\/uploads\/sites\/5\/2015\/06\/home_v2_4-450x189.jpg 450w\" sizes=\"(max-width: 1500px) 100vw, 1500px\" \/><\/div><\/li><li  class='avia-slideshow-slide av-av_slideshow_full-43ade9aaa07fbc3dcd7bf07ad114380a__5  slide-6 slide-even'><div data-rel='slideshow-1' class='avia-slide-wrap '   ><img decoding=\"async\" fetchpriority=\"high\" class=\"wp-image-502 avia-img-lazy-loading-not-502\"  src=\"https:\/\/gotlandexcursion.se\/fi\/wp-content\/uploads\/sites\/5\/2015\/06\/home_v2_2.jpg\" width=\"1500\" height=\"630\" title='home_v2_2' alt=''  itemprop=\"thumbnailUrl\" srcset=\"https:\/\/gotlandexcursion.se\/fi\/wp-content\/uploads\/sites\/5\/2015\/06\/home_v2_2.jpg 1500w, https:\/\/gotlandexcursion.se\/fi\/wp-content\/uploads\/sites\/5\/2015\/06\/home_v2_2-300x126.jpg 300w, https:\/\/gotlandexcursion.se\/fi\/wp-content\/uploads\/sites\/5\/2015\/06\/home_v2_2-768x323.jpg 768w, https:\/\/gotlandexcursion.se\/fi\/wp-content\/uploads\/sites\/5\/2015\/06\/home_v2_2-1030x433.jpg 1030w, https:\/\/gotlandexcursion.se\/fi\/wp-content\/uploads\/sites\/5\/2015\/06\/home_v2_2-705x296.jpg 705w, https:\/\/gotlandexcursion.se\/fi\/wp-content\/uploads\/sites\/5\/2015\/06\/home_v2_2-450x189.jpg 450w\" sizes=\"(max-width: 1500px) 100vw, 1500px\" \/><\/div><\/li><\/ul><div class='avia-slideshow-arrows avia-slideshow-controls' ><a href='#prev' class='prev-slide ' aria-hidden='true' data-av_icon='\ue87c' data-av_iconfont='entypo-fontello'  tabindex='-1'>Previous<\/a><a href='#next' class='next-slide ' aria-hidden='true' data-av_icon='\ue87d' data-av_iconfont='entypo-fontello'  tabindex='-1'>Next<\/a><\/div><div class='avia-slideshow-dots avia-slideshow-controls'><a href='#1' class='goto-slide active' >1<\/a><a href='#2' class='goto-slide ' >2<\/a><a href='#3' class='goto-slide ' >3<\/a><a href='#4' class='goto-slide ' >4<\/a><a href='#5' class='goto-slide ' >5<\/a><a href='#6' class='goto-slide ' >6<\/a><\/div><\/div><\/div><div id='after_full_slider_1'  class='main_color av_default_container_wrap container_wrap sidebar_right'  ><div class='container av-section-cont-open' ><div class='template-page content  av-content-small alpha units'><div class='post-entry post-entry-type-page post-entry-727'><div class='entry-content-wrapper clearfix'>\n\n<style type=\"text\/css\" data-created_by=\"avia_inline_auto\" id=\"style-css-av-av_heading-ad4d39be4d3ba360cb2da7591be3b41d\">\n#top .av-special-heading.av-av_heading-ad4d39be4d3ba360cb2da7591be3b41d{\npadding-bottom:50px;\n}\nbody .av-special-heading.av-av_heading-ad4d39be4d3ba360cb2da7591be3b41d .av-special-heading-tag .heading-char{\nfont-size:25px;\n}\n.av-special-heading.av-av_heading-ad4d39be4d3ba360cb2da7591be3b41d .av-subheading{\nfont-size:22px;\n}\n<\/style>\n<div  class='av-special-heading av-av_heading-ad4d39be4d3ba360cb2da7591be3b41d av-special-heading-h1 blockquote modern-quote  avia-builder-el-1  el_after_av_slideshow_full  el_before_av_one_half  avia-builder-el-first '><h1 class='av-special-heading-tag '  itemprop=\"headline\"  >Gotland Excursion tarjoaa retkipalveluita risteilylaivoille ja muille Gotlannissa vieraileville ryhmille. Vieraamme tulevat kaikkialta maailmasta.<\/h1><div class=\"special-heading-border\"><div class=\"special-heading-inner-border\"><\/div><\/div><\/div>\n\n<style type=\"text\/css\" data-created_by=\"avia_inline_auto\" id=\"style-css-av-av_one_half-352b07ef7d3bc99b2e9f92e7a9e06bdb\">\n.flex_column.av-av_one_half-352b07ef7d3bc99b2e9f92e7a9e06bdb{\nborder-radius:0px 0px 0px 0px;\npadding:0px 0px 0px 0px;\n}\n<\/style>\n<div  class='flex_column av-av_one_half-352b07ef7d3bc99b2e9f92e7a9e06bdb av_one_half  avia-builder-el-2  el_after_av_heading  el_before_av_one_half  first flex_column_div av-zero-column-padding  '     ><style type=\"text\/css\" data-created_by=\"avia_inline_auto\" id=\"style-css-av-av_textblock-03bfb18ba9a806f7ce17ceeac4d75382\">\n#top .av_textblock_section.av-av_textblock-03bfb18ba9a806f7ce17ceeac4d75382 .avia_textblock{\nfont-size:20px;\n}\n<\/style>\n<section  class='av_textblock_section av-av_textblock-03bfb18ba9a806f7ce17ceeac4d75382 '   itemscope=\"itemscope\" itemtype=\"https:\/\/schema.org\/CreativeWork\" ><div class='avia_textblock'  itemprop=\"text\" ><p>Gotlanti on Ruotsin suurin saari ja monin tavoin melkein kuin erillinen maa \u2013 vastakohtien saari.<\/p>\n<p>Gotland Excursion tarjoaa retkipalveluita risteilylaivojen matkustajille ja muille vesitse matkustaville. J\u00e4rjest\u00e4mme my\u00f6s t\u00e4ydellisi\u00e4 kiertomatkapaketteja matkailuryhmille, liikekonferensseja, liiketapahtumia ja vaihtoehtoisia opastettuja kiertomatkoja.<\/p>\n<p>Osaamisemme, joustavuutemme, erinomainen alan tuntemuksemme ja paikallistuntemuksemme varmistavat parhaan mahdollisen retkipakettiratkaisun toiveidenne pohjalta!<\/p>\n<p>Vieraamme tulevat kaikkialta maailmasta ja meill\u00e4 on auktorisoituja oppaita 11 kielelle: englanti, espanja, italia, kiina, norja, ruotsi, saksa, suomi, tanska, ven\u00e4j\u00e4 ja viro.<\/p>\n<\/div><\/section><\/div>\n<style type=\"text\/css\" data-created_by=\"avia_inline_auto\" id=\"style-css-av-av_one_half-2a64de42b738552fe666ca889af77e28\">\n.flex_column.av-av_one_half-2a64de42b738552fe666ca889af77e28{\nborder-radius:0px 0px 0px 0px;\npadding:0px 0px 0px 0px;\n}\n<\/style>\n<div  class='flex_column av-av_one_half-2a64de42b738552fe666ca889af77e28 av_one_half  avia-builder-el-4  el_after_av_one_half  el_before_av_hr  flex_column_div av-zero-column-padding  '     ><style type=\"text\/css\" data-created_by=\"avia_inline_auto\" id=\"style-css-av-av_image-7cb4f6137fe285bc62a619c7cdd0cba9\">\n.avia-image-container.av-av_image-7cb4f6137fe285bc62a619c7cdd0cba9 img.avia_image{\nbox-shadow:none;\n}\n.avia-image-container.av-av_image-7cb4f6137fe285bc62a619c7cdd0cba9 .av-image-caption-overlay-center{\ncolor:#ffffff;\n}\n<\/style>\n<div  class='avia-image-container av-av_image-7cb4f6137fe285bc62a619c7cdd0cba9 av-styling-no-styling av-hover-grow avia-align-center  avia-builder-el-5  avia-builder-el-no-sibling '   itemprop=\"image\" itemscope=\"itemscope\" itemtype=\"https:\/\/schema.org\/ImageObject\" ><div class=\"avia-image-container-inner\"><div class=\"avia-image-overlay-wrap\"><img decoding=\"async\" fetchpriority=\"high\" class='wp-image-633 avia-img-lazy-loading-not-633 avia_image ' src=\"https:\/\/gotlandexcursion.se\/fi\/wp-content\/uploads\/sites\/5\/2016\/04\/Karta.jpg\" alt='' title='Karta'  height=\"614\" width=\"615\"  itemprop=\"thumbnailUrl\" srcset=\"https:\/\/gotlandexcursion.se\/fi\/wp-content\/uploads\/sites\/5\/2016\/04\/Karta.jpg 615w, https:\/\/gotlandexcursion.se\/fi\/wp-content\/uploads\/sites\/5\/2016\/04\/Karta-80x80.jpg 80w, https:\/\/gotlandexcursion.se\/fi\/wp-content\/uploads\/sites\/5\/2016\/04\/Karta-300x300.jpg 300w, https:\/\/gotlandexcursion.se\/fi\/wp-content\/uploads\/sites\/5\/2016\/04\/Karta-36x36.jpg 36w, https:\/\/gotlandexcursion.se\/fi\/wp-content\/uploads\/sites\/5\/2016\/04\/Karta-180x180.jpg 180w, https:\/\/gotlandexcursion.se\/fi\/wp-content\/uploads\/sites\/5\/2016\/04\/Karta-120x120.jpg 120w, https:\/\/gotlandexcursion.se\/fi\/wp-content\/uploads\/sites\/5\/2016\/04\/Karta-450x449.jpg 450w\" sizes=\"(max-width: 615px) 100vw, 615px\" \/><\/div><\/div><\/div><\/div><\/p>\n\n<style type=\"text\/css\" data-created_by=\"avia_inline_auto\" id=\"style-css-av-av_hr-0688d0b0b6ed2f8b057db7a8270206df\">\n#top .hr.hr-invisible.av-av_hr-0688d0b0b6ed2f8b057db7a8270206df{\nheight:50px;\n}\n<\/style>\n<div  class='hr av-av_hr-0688d0b0b6ed2f8b057db7a8270206df hr-invisible  avia-builder-el-6  el_after_av_one_half  avia-builder-el-last '><span class='hr-inner '><span class=\"hr-inner-style\"><\/span><\/span><\/div>\n","protected":false},"excerpt":{"rendered":"","protected":false},"author":1,"featured_media":0,"parent":0,"menu_order":0,"comment_status":"open","ping_status":"open","template":"","meta":{"footnotes":""},"class_list":["post-727","page","type-page","status-publish","hentry"],"_links":{"self":[{"href":"https:\/\/gotlandexcursion.se\/fi\/wp-json\/wp\/v2\/pages\/727","targetHints":{"allow":["GET"]}}],"collection":[{"href":"https:\/\/gotlandexcursion.se\/fi\/wp-json\/wp\/v2\/pages"}],"about":[{"href":"https:\/\/gotlandexcursion.se\/fi\/wp-json\/wp\/v2\/types\/page"}],"author":[{"embeddable":true,"href":"https:\/\/gotlandexcursion.se\/fi\/wp-json\/wp\/v2\/users\/1"}],"replies":[{"embeddable":true,"href":"https:\/\/gotlandexcursion.se\/fi\/wp-json\/wp\/v2\/comments?post=727"}],"version-history":[{"count":3,"href":"https:\/\/gotlandexcursion.se\/fi\/wp-json\/wp\/v2\/pages\/727\/revisions"}],"predecessor-version":[{"id":809,"href":"https:\/\/gotlandexcursion.se\/fi\/wp-json\/wp\/v2\/pages\/727\/revisions\/809"}],"wp:attachment":[{"href":"https:\/\/gotlandexcursion.se\/fi\/wp-json\/wp\/v2\/media?parent=727"}],"curies":[{"name":"wp","href":"https:\/\/api.w.org\/{rel}","templated":true}]}}