{"id":725,"date":"2015-06-23T09:53:04","date_gmt":"2015-06-23T07:53:04","guid":{"rendered":"https:\/\/gotlandexcursion.se\/?page_id=9"},"modified":"2017-03-28T09:29:41","modified_gmt":"2017-03-28T07:29:41","slug":"gotlanti-ja-visby","status":"publish","type":"page","link":"https:\/\/gotlandexcursion.se\/fi\/gotlanti-ja-visby\/","title":{"rendered":"Gotlanti ja Visby"},"content":{"rendered":"<div id='full_slider_1'  class='avia-fullwidth-slider main_color avia-shadow   avia-builder-el-0  el_before_av_heading  avia-builder-el-first   container_wrap sidebar_right'  >\n<style type=\"text\/css\" data-created_by=\"avia_inline_auto\" id=\"style-css-av-av_slideshow_full-56a113a3265fbdad38c58220553fac6b\">\n#top #wrap_all .avia-slideshow .av-slideshow-caption.av-av_slideshow_full-56a113a3265fbdad38c58220553fac6b__0 .avia-caption-title{\ncolor:#ffffff;\n}\n<\/style>\n<div  class='avia-slideshow av-av_slideshow_full-56a113a3265fbdad38c58220553fac6b avia-slideshow-featured_large av_slideshow_full avia-fade-slider av-slideshow-ui av-control-minimal av-slideshow-autoplay av-loop-endless av-loop-manual-endless av-default-height-applied   avia-slideshow-1' data-slideshow-options=\"{&quot;animation&quot;:&quot;fade&quot;,&quot;autoplay&quot;:true,&quot;loop_autoplay&quot;:&quot;endless&quot;,&quot;interval&quot;:5,&quot;loop_manual&quot;:&quot;manual-endless&quot;,&quot;autoplay_stopper&quot;:false,&quot;noNavigation&quot;:false,&quot;bg_slider&quot;:false,&quot;keep_padding&quot;:false,&quot;hoverpause&quot;:false,&quot;show_slide_delay&quot;:0}\"  itemprop=\"image\" itemscope=\"itemscope\" itemtype=\"https:\/\/schema.org\/ImageObject\" ><ul class='avia-slideshow-inner ' style='padding-bottom: 42%;'><li  class='avia-slideshow-slide av-av_slideshow_full-56a113a3265fbdad38c58220553fac6b__0  slide-1 slide-odd'><div data-rel='slideshow-1' class='avia-slide-wrap '   ><img decoding=\"async\" fetchpriority=\"high\" class=\"wp-image-488 avia-img-lazy-loading-not-488\"  src=\"https:\/\/gotlandexcursion.se\/fi\/wp-content\/uploads\/sites\/5\/2015\/06\/visbygotland_v2_5.jpg\" width=\"1500\" height=\"630\" title='visbygotland_v2_5' alt=''  itemprop=\"thumbnailUrl\" srcset=\"https:\/\/gotlandexcursion.se\/fi\/wp-content\/uploads\/sites\/5\/2015\/06\/visbygotland_v2_5.jpg 1500w, https:\/\/gotlandexcursion.se\/fi\/wp-content\/uploads\/sites\/5\/2015\/06\/visbygotland_v2_5-300x126.jpg 300w, https:\/\/gotlandexcursion.se\/fi\/wp-content\/uploads\/sites\/5\/2015\/06\/visbygotland_v2_5-768x323.jpg 768w, https:\/\/gotlandexcursion.se\/fi\/wp-content\/uploads\/sites\/5\/2015\/06\/visbygotland_v2_5-1030x433.jpg 1030w, https:\/\/gotlandexcursion.se\/fi\/wp-content\/uploads\/sites\/5\/2015\/06\/visbygotland_v2_5-705x296.jpg 705w, https:\/\/gotlandexcursion.se\/fi\/wp-content\/uploads\/sites\/5\/2015\/06\/visbygotland_v2_5-450x189.jpg 450w\" sizes=\"(max-width: 1500px) 100vw, 1500px\" \/><\/div><\/li><li  class='avia-slideshow-slide av-av_slideshow_full-56a113a3265fbdad38c58220553fac6b__1  slide-2 slide-even'><div data-rel='slideshow-1' class='avia-slide-wrap '   ><img decoding=\"async\" fetchpriority=\"high\" class=\"wp-image-489 avia-img-lazy-loading-not-489\"  src=\"https:\/\/gotlandexcursion.se\/fi\/wp-content\/uploads\/sites\/5\/2015\/06\/visbygotland_v2_4.jpg\" width=\"1500\" height=\"630\" title='visbygotland_v2_4' alt=''  itemprop=\"thumbnailUrl\" srcset=\"https:\/\/gotlandexcursion.se\/fi\/wp-content\/uploads\/sites\/5\/2015\/06\/visbygotland_v2_4.jpg 1500w, https:\/\/gotlandexcursion.se\/fi\/wp-content\/uploads\/sites\/5\/2015\/06\/visbygotland_v2_4-300x126.jpg 300w, https:\/\/gotlandexcursion.se\/fi\/wp-content\/uploads\/sites\/5\/2015\/06\/visbygotland_v2_4-768x323.jpg 768w, https:\/\/gotlandexcursion.se\/fi\/wp-content\/uploads\/sites\/5\/2015\/06\/visbygotland_v2_4-1030x433.jpg 1030w, https:\/\/gotlandexcursion.se\/fi\/wp-content\/uploads\/sites\/5\/2015\/06\/visbygotland_v2_4-705x296.jpg 705w, https:\/\/gotlandexcursion.se\/fi\/wp-content\/uploads\/sites\/5\/2015\/06\/visbygotland_v2_4-450x189.jpg 450w\" sizes=\"(max-width: 1500px) 100vw, 1500px\" \/><\/div><\/li><li  class='avia-slideshow-slide av-av_slideshow_full-56a113a3265fbdad38c58220553fac6b__2  slide-3 slide-odd'><div data-rel='slideshow-1' class='avia-slide-wrap '   ><img decoding=\"async\" fetchpriority=\"high\" class=\"wp-image-490 avia-img-lazy-loading-not-490\"  src=\"https:\/\/gotlandexcursion.se\/fi\/wp-content\/uploads\/sites\/5\/2015\/06\/visbygotland_v2_3.jpg\" width=\"1500\" height=\"630\" title='visbygotland_v2_3' alt=''  itemprop=\"thumbnailUrl\" srcset=\"https:\/\/gotlandexcursion.se\/fi\/wp-content\/uploads\/sites\/5\/2015\/06\/visbygotland_v2_3.jpg 1500w, https:\/\/gotlandexcursion.se\/fi\/wp-content\/uploads\/sites\/5\/2015\/06\/visbygotland_v2_3-300x126.jpg 300w, https:\/\/gotlandexcursion.se\/fi\/wp-content\/uploads\/sites\/5\/2015\/06\/visbygotland_v2_3-768x323.jpg 768w, https:\/\/gotlandexcursion.se\/fi\/wp-content\/uploads\/sites\/5\/2015\/06\/visbygotland_v2_3-1030x433.jpg 1030w, https:\/\/gotlandexcursion.se\/fi\/wp-content\/uploads\/sites\/5\/2015\/06\/visbygotland_v2_3-705x296.jpg 705w, https:\/\/gotlandexcursion.se\/fi\/wp-content\/uploads\/sites\/5\/2015\/06\/visbygotland_v2_3-450x189.jpg 450w\" sizes=\"(max-width: 1500px) 100vw, 1500px\" \/><\/div><\/li><li  class='avia-slideshow-slide av-av_slideshow_full-56a113a3265fbdad38c58220553fac6b__3  slide-4 slide-even'><div data-rel='slideshow-1' class='avia-slide-wrap '   ><img decoding=\"async\" fetchpriority=\"high\" class=\"wp-image-491 avia-img-lazy-loading-not-491\"  src=\"https:\/\/gotlandexcursion.se\/fi\/wp-content\/uploads\/sites\/5\/2015\/06\/visbygotland_v2_2.jpg\" width=\"1500\" height=\"630\" title='visbygotland_v2_2' alt=''  itemprop=\"thumbnailUrl\" srcset=\"https:\/\/gotlandexcursion.se\/fi\/wp-content\/uploads\/sites\/5\/2015\/06\/visbygotland_v2_2.jpg 1500w, https:\/\/gotlandexcursion.se\/fi\/wp-content\/uploads\/sites\/5\/2015\/06\/visbygotland_v2_2-300x126.jpg 300w, https:\/\/gotlandexcursion.se\/fi\/wp-content\/uploads\/sites\/5\/2015\/06\/visbygotland_v2_2-768x323.jpg 768w, https:\/\/gotlandexcursion.se\/fi\/wp-content\/uploads\/sites\/5\/2015\/06\/visbygotland_v2_2-1030x433.jpg 1030w, https:\/\/gotlandexcursion.se\/fi\/wp-content\/uploads\/sites\/5\/2015\/06\/visbygotland_v2_2-705x296.jpg 705w, https:\/\/gotlandexcursion.se\/fi\/wp-content\/uploads\/sites\/5\/2015\/06\/visbygotland_v2_2-450x189.jpg 450w\" sizes=\"(max-width: 1500px) 100vw, 1500px\" \/><\/div><\/li><li  class='avia-slideshow-slide av-av_slideshow_full-56a113a3265fbdad38c58220553fac6b__4  slide-5 slide-odd'><div data-rel='slideshow-1' class='avia-slide-wrap '   ><img decoding=\"async\" fetchpriority=\"high\" class=\"wp-image-492 avia-img-lazy-loading-not-492\"  src=\"https:\/\/gotlandexcursion.se\/fi\/wp-content\/uploads\/sites\/5\/2015\/06\/visbygotland_v2_1.jpg\" width=\"1500\" height=\"630\" title='visbygotland_v2_1' alt=''  itemprop=\"thumbnailUrl\" srcset=\"https:\/\/gotlandexcursion.se\/fi\/wp-content\/uploads\/sites\/5\/2015\/06\/visbygotland_v2_1.jpg 1500w, https:\/\/gotlandexcursion.se\/fi\/wp-content\/uploads\/sites\/5\/2015\/06\/visbygotland_v2_1-300x126.jpg 300w, https:\/\/gotlandexcursion.se\/fi\/wp-content\/uploads\/sites\/5\/2015\/06\/visbygotland_v2_1-768x323.jpg 768w, https:\/\/gotlandexcursion.se\/fi\/wp-content\/uploads\/sites\/5\/2015\/06\/visbygotland_v2_1-1030x433.jpg 1030w, https:\/\/gotlandexcursion.se\/fi\/wp-content\/uploads\/sites\/5\/2015\/06\/visbygotland_v2_1-705x296.jpg 705w, https:\/\/gotlandexcursion.se\/fi\/wp-content\/uploads\/sites\/5\/2015\/06\/visbygotland_v2_1-450x189.jpg 450w\" sizes=\"(max-width: 1500px) 100vw, 1500px\" \/><\/div><\/li><\/ul><div class='avia-slideshow-arrows avia-slideshow-controls' ><a href='#prev' class='prev-slide ' aria-hidden='true' data-av_icon='\ue87c' data-av_iconfont='entypo-fontello'  tabindex='-1'>Previous<\/a><a href='#next' class='next-slide ' aria-hidden='true' data-av_icon='\ue87d' data-av_iconfont='entypo-fontello'  tabindex='-1'>Next<\/a><\/div><div class='avia-slideshow-dots avia-slideshow-controls'><a href='#1' class='goto-slide active' >1<\/a><a href='#2' class='goto-slide ' >2<\/a><a href='#3' class='goto-slide ' >3<\/a><a href='#4' class='goto-slide ' >4<\/a><a href='#5' class='goto-slide ' >5<\/a><\/div><div class='av-slideshow-caption av-av_slideshow_full-56a113a3265fbdad38c58220553fac6b__0 caption_fullwidth caption_bottom caption_bottom_framed caption_framed'><div class=\"container caption_container\"><div class=\"slideshow_caption\"><div class=\"slideshow_inner_caption\"><div class=\"slideshow_align_caption\"><h2 class='avia-caption-title '  itemprop=\"name\" >Tervetuloa Gotlantiin ja Visbyyn<\/h2><\/div><\/div><\/div><\/div><\/div><\/div><\/div><div id='after_full_slider_1'  class='main_color av_default_container_wrap container_wrap sidebar_right'  ><div class='container av-section-cont-open' ><div class='template-page content  av-content-small alpha units'><div class='post-entry post-entry-type-page post-entry-725'><div class='entry-content-wrapper clearfix'>\n\n<style type=\"text\/css\" data-created_by=\"avia_inline_auto\" id=\"style-css-av-av_heading-6010aefd127c79399597f4b0604882a4\">\n#top .av-special-heading.av-av_heading-6010aefd127c79399597f4b0604882a4{\npadding-bottom:30px;\nfont-size:72px;\n}\nbody .av-special-heading.av-av_heading-6010aefd127c79399597f4b0604882a4 .av-special-heading-tag .heading-char{\nfont-size:25px;\n}\n#top #wrap_all .av-special-heading.av-av_heading-6010aefd127c79399597f4b0604882a4 .av-special-heading-tag{\nfont-size:72px;\n}\n.av-special-heading.av-av_heading-6010aefd127c79399597f4b0604882a4 .av-subheading{\nfont-size:15px;\n}\n\n@media only screen and (min-width: 480px) and (max-width: 767px){ \n#top #wrap_all .av-special-heading.av-av_heading-6010aefd127c79399597f4b0604882a4 .av-special-heading-tag{\nfont-size:0.8em;\n}\n}\n\n@media only screen and (max-width: 479px){ \n#top #wrap_all .av-special-heading.av-av_heading-6010aefd127c79399597f4b0604882a4 .av-special-heading-tag{\nfont-size:0.8em;\n}\n}\n<\/style>\n<div  class='av-special-heading av-av_heading-6010aefd127c79399597f4b0604882a4 av-special-heading-h1 blockquote modern-quote  avia-builder-el-1  el_after_av_slideshow_full  el_before_av_one_half  avia-builder-el-first  av-inherit-size'><h1 class='av-special-heading-tag '  itemprop=\"headline\"  >Gotlanti \u2013 ainutlaatuista luontoa ja kiehtovaa historiaa\u2026<\/h1><div class=\"special-heading-border\"><div class=\"special-heading-inner-border\"><\/div><\/div><\/div>\n\n<style type=\"text\/css\" data-created_by=\"avia_inline_auto\" id=\"style-css-av-av_one_half-352b07ef7d3bc99b2e9f92e7a9e06bdb\">\n.flex_column.av-av_one_half-352b07ef7d3bc99b2e9f92e7a9e06bdb{\nborder-radius:0px 0px 0px 0px;\npadding:0px 0px 0px 0px;\n}\n<\/style>\n<div  class='flex_column av-av_one_half-352b07ef7d3bc99b2e9f92e7a9e06bdb av_one_half  avia-builder-el-2  el_after_av_heading  el_before_av_one_half  first flex_column_div av-zero-column-padding  '     ><section  class='av_textblock_section av-av_textblock-396ddf1f42196ca838231e61a4602801 '   itemscope=\"itemscope\" itemtype=\"https:\/\/schema.org\/CreativeWork\" ><div class='avia_textblock'  itemprop=\"text\" ><p>Gotlanti on keskell\u00e4 It\u00e4merta noin 90 kilometrin p\u00e4\u00e4ss\u00e4 Manner-Ruotsista. Saarella k\u00e4y vuosittain satojatuhansia turisteja, liikematkailijoita ja muita ryhmi\u00e4. Saari tarjoaa leudomman ilmaston ja enemm\u00e4n aurinkoisia p\u00e4ivi\u00e4 kuin Manner-Ruotsi.<\/p>\n<p>Maaseutu on kaunista ja ainutlaatuista pitkine valkoisine hiekkarantoineen, karuine maastoineen ja m\u00e4ntymetsineen. Kalkkikivimuodostumat (raukit) reunustavat rannikkoalueita ja sis\u00e4maassa on lukematon m\u00e4\u00e4r\u00e4 historiallisia paikkoja, muun muassa yli 90 keskiaikaista kirkkoa, jotka ovat yh\u00e4 k\u00e4yt\u00f6ss\u00e4!<\/p>\n<p>Gotlannin pohjoispuolella on pieni F\u00e5r\u00f6n saari. T\u00e4m\u00e4 suosittu matkakohde on tunnettu kauniista luonnonmaisemistaan ja historiallisesta menneisyydest\u00e4\u00e4n. Rantaviivan suojissa on pieni\u00e4 kalastajakyli\u00e4, historiallista arkkitehtuuria ja kulttuurituristikohteita, kultaisia hiekkarantoja ja raukkeja.<\/p>\n<p>F\u00e5r\u00f6 oli my\u00f6s Ruotsin kuuluisimman ohjaajan Ingemar Bergmanin kotipaikka. Bergman kuvasi useita elokuvia saarella sen kauniiden maisemien ja ainutlaatuisen valon innoittamana.<\/p>\n<\/div><\/section><\/div>\n\n<style type=\"text\/css\" data-created_by=\"avia_inline_auto\" id=\"style-css-av-av_one_half-2a64de42b738552fe666ca889af77e28\">\n.flex_column.av-av_one_half-2a64de42b738552fe666ca889af77e28{\nborder-radius:0px 0px 0px 0px;\npadding:0px 0px 0px 0px;\n}\n<\/style>\n<div  class='flex_column av-av_one_half-2a64de42b738552fe666ca889af77e28 av_one_half  avia-builder-el-4  el_after_av_one_half  el_before_av_hr  flex_column_div av-zero-column-padding  '     ><style type=\"text\/css\" data-created_by=\"avia_inline_auto\" id=\"style-css-av-av_image-d6aa2f9c04f5dc90045dfe6af9a3b907\">\n.avia-image-container.av-av_image-d6aa2f9c04f5dc90045dfe6af9a3b907 img.avia_image{\nbox-shadow:none;\n}\n.avia-image-container.av-av_image-d6aa2f9c04f5dc90045dfe6af9a3b907 .av-image-caption-overlay-center{\ncolor:#ffffff;\n}\n<\/style>\n<div  class='avia-image-container av-av_image-d6aa2f9c04f5dc90045dfe6af9a3b907 av-styling- avia-align-center  avia-builder-el-5  avia-builder-el-no-sibling '   itemprop=\"image\" itemscope=\"itemscope\" itemtype=\"https:\/\/schema.org\/ImageObject\" ><div class=\"avia-image-container-inner\"><div class=\"avia-image-overlay-wrap\"><img decoding=\"async\" fetchpriority=\"high\" class='wp-image-168 avia-img-lazy-loading-not-168 avia_image ' src=\"https:\/\/gotlandexcursion.se\/fi\/wp-content\/uploads\/sites\/5\/2015\/06\/gotland1.jpg\" alt='' title='gotland1'  height=\"683\" width=\"1024\"  itemprop=\"thumbnailUrl\" srcset=\"https:\/\/gotlandexcursion.se\/fi\/wp-content\/uploads\/sites\/5\/2015\/06\/gotland1.jpg 1024w, https:\/\/gotlandexcursion.se\/fi\/wp-content\/uploads\/sites\/5\/2015\/06\/gotland1-300x200.jpg 300w, https:\/\/gotlandexcursion.se\/fi\/wp-content\/uploads\/sites\/5\/2015\/06\/gotland1-768x512.jpg 768w, https:\/\/gotlandexcursion.se\/fi\/wp-content\/uploads\/sites\/5\/2015\/06\/gotland1-705x470.jpg 705w, https:\/\/gotlandexcursion.se\/fi\/wp-content\/uploads\/sites\/5\/2015\/06\/gotland1-450x300.jpg 450w\" sizes=\"(max-width: 1024px) 100vw, 1024px\" \/><\/div><\/div><\/div><\/div>\n<div  class='hr av-av_hr-dcd2069817a0e3d34ae04cad8f3443c7 hr-default  avia-builder-el-6  el_after_av_one_half  el_before_av_heading '><span class='hr-inner '><span class=\"hr-inner-style\"><\/span><\/span><\/div>\n\n<style type=\"text\/css\" data-created_by=\"avia_inline_auto\" id=\"style-css-av-av_heading-60e3d00d31bc27e135942a1180878339\">\n#top .av-special-heading.av-av_heading-60e3d00d31bc27e135942a1180878339{\npadding-bottom:30px;\n}\nbody .av-special-heading.av-av_heading-60e3d00d31bc27e135942a1180878339 .av-special-heading-tag .heading-char{\nfont-size:25px;\n}\n.av-special-heading.av-av_heading-60e3d00d31bc27e135942a1180878339 .av-subheading{\nfont-size:15px;\n}\n<\/style>\n<div  class='av-special-heading av-av_heading-60e3d00d31bc27e135942a1180878339 av-special-heading-h1 blockquote modern-quote  avia-builder-el-7  el_after_av_hr  el_before_av_one_half '><h1 class='av-special-heading-tag '  itemprop=\"headline\"  >Visby \u2013 hansakaupunki ja maailmanperint\u00f6kohde<\/h1><div class=\"special-heading-border\"><div class=\"special-heading-inner-border\"><\/div><\/div><\/div>\n\n<style type=\"text\/css\" data-created_by=\"avia_inline_auto\" id=\"style-css-av-av_one_half-352b07ef7d3bc99b2e9f92e7a9e06bdb\">\n.flex_column.av-av_one_half-352b07ef7d3bc99b2e9f92e7a9e06bdb{\nborder-radius:0px 0px 0px 0px;\npadding:0px 0px 0px 0px;\n}\n<\/style>\n<div  class='flex_column av-av_one_half-352b07ef7d3bc99b2e9f92e7a9e06bdb av_one_half  avia-builder-el-8  el_after_av_heading  el_before_av_one_half  first flex_column_div av-zero-column-padding  '     ><style type=\"text\/css\" data-created_by=\"avia_inline_auto\" id=\"style-css-av-av_image-463ae8c9b49e21f3bf662d33a6fe61bd\">\n.avia-image-container.av-av_image-463ae8c9b49e21f3bf662d33a6fe61bd img.avia_image{\nbox-shadow:none;\n}\n.avia-image-container.av-av_image-463ae8c9b49e21f3bf662d33a6fe61bd .av-image-caption-overlay-center{\ncolor:#ffffff;\n}\n<\/style>\n<div  class='avia-image-container av-av_image-463ae8c9b49e21f3bf662d33a6fe61bd av-styling- avia-align-center  avia-builder-el-9  avia-builder-el-no-sibling '   itemprop=\"image\" itemscope=\"itemscope\" itemtype=\"https:\/\/schema.org\/ImageObject\" ><div class=\"avia-image-container-inner\"><div class=\"avia-image-overlay-wrap\"><img decoding=\"async\" fetchpriority=\"high\" class='wp-image-191 avia-img-lazy-loading-not-191 avia_image ' src=\"https:\/\/gotlandexcursion.se\/fi\/wp-content\/uploads\/sites\/5\/2015\/06\/visby3.jpg\" alt='' title='visby3'  height=\"683\" width=\"1024\"  itemprop=\"thumbnailUrl\" srcset=\"https:\/\/gotlandexcursion.se\/fi\/wp-content\/uploads\/sites\/5\/2015\/06\/visby3.jpg 1024w, https:\/\/gotlandexcursion.se\/fi\/wp-content\/uploads\/sites\/5\/2015\/06\/visby3-300x200.jpg 300w, https:\/\/gotlandexcursion.se\/fi\/wp-content\/uploads\/sites\/5\/2015\/06\/visby3-768x512.jpg 768w, https:\/\/gotlandexcursion.se\/fi\/wp-content\/uploads\/sites\/5\/2015\/06\/visby3-705x470.jpg 705w, https:\/\/gotlandexcursion.se\/fi\/wp-content\/uploads\/sites\/5\/2015\/06\/visby3-450x300.jpg 450w\" sizes=\"(max-width: 1024px) 100vw, 1024px\" \/><\/div><\/div><\/div><\/div>\n\n<style type=\"text\/css\" data-created_by=\"avia_inline_auto\" id=\"style-css-av-av_one_half-2a64de42b738552fe666ca889af77e28\">\n.flex_column.av-av_one_half-2a64de42b738552fe666ca889af77e28{\nborder-radius:0px 0px 0px 0px;\npadding:0px 0px 0px 0px;\n}\n<\/style>\n<div  class='flex_column av-av_one_half-2a64de42b738552fe666ca889af77e28 av_one_half  avia-builder-el-10  el_after_av_one_half  el_before_av_hr  flex_column_div av-zero-column-padding  '     ><section  class='av_textblock_section av-av_textblock-396ddf1f42196ca838231e61a4602801 '   itemscope=\"itemscope\" itemtype=\"https:\/\/schema.org\/CreativeWork\" ><div class='avia_textblock'  itemprop=\"text\" ><p>Visby on Gotlannin p\u00e4\u00e4kaupunki, keskiaikainen kaupunki, joka nimitettiin maailmanperint\u00f6kohteeksi vuonna 1995. Visby nousi yhdeksi johtavista It\u00e4meren alueen hansakaupungeista 1000-luvulla ja pysyi hansakaupunkina vuoteen 1476 asti.<\/p>\n<p>Visbylle tunnusomaisia ovat majesteettiset keskiaikaiset kivirakennukset, julkisivut, joissa on porrastetut p\u00e4\u00e4dyt, kauppiaiden talot ja historialliset puutalot. T\u00e4t\u00e4 keskiaikaista kaupunkia ymp\u00e4r\u00f6i 3,6 kilometri\u00e4 pitk\u00e4 ja 11 metri\u00e4 korkea kivimuuri, jossa on kolme p\u00e4\u00e4porttia ja 36 tornia, jotka ovat yh\u00e4 pystyss\u00e4.<\/p>\n<\/div><\/section><\/div>\n\n<style type=\"text\/css\" data-created_by=\"avia_inline_auto\" id=\"style-css-av-av_hr-0688d0b0b6ed2f8b057db7a8270206df\">\n#top .hr.hr-invisible.av-av_hr-0688d0b0b6ed2f8b057db7a8270206df{\nheight:50px;\n}\n<\/style>\n<div  class='hr av-av_hr-0688d0b0b6ed2f8b057db7a8270206df hr-invisible  avia-builder-el-12  el_after_av_one_half  avia-builder-el-last '><span class='hr-inner '><span class=\"hr-inner-style\"><\/span><\/span><\/div>\n","protected":false},"excerpt":{"rendered":"","protected":false},"author":1,"featured_media":0,"parent":0,"menu_order":1,"comment_status":"open","ping_status":"open","template":"","meta":{"footnotes":""},"class_list":["post-725","page","type-page","status-publish","hentry"],"_links":{"self":[{"href":"https:\/\/gotlandexcursion.se\/fi\/wp-json\/wp\/v2\/pages\/725","targetHints":{"allow":["GET"]}}],"collection":[{"href":"https:\/\/gotlandexcursion.se\/fi\/wp-json\/wp\/v2\/pages"}],"about":[{"href":"https:\/\/gotlandexcursion.se\/fi\/wp-json\/wp\/v2\/types\/page"}],"author":[{"embeddable":true,"href":"https:\/\/gotlandexcursion.se\/fi\/wp-json\/wp\/v2\/users\/1"}],"replies":[{"embeddable":true,"href":"https:\/\/gotlandexcursion.se\/fi\/wp-json\/wp\/v2\/comments?post=725"}],"version-history":[{"count":6,"href":"https:\/\/gotlandexcursion.se\/fi\/wp-json\/wp\/v2\/pages\/725\/revisions"}],"predecessor-version":[{"id":833,"href":"https:\/\/gotlandexcursion.se\/fi\/wp-json\/wp\/v2\/pages\/725\/revisions\/833"}],"wp:attachment":[{"href":"https:\/\/gotlandexcursion.se\/fi\/wp-json\/wp\/v2\/media?parent=725"}],"curies":[{"name":"wp","href":"https:\/\/api.w.org\/{rel}","templated":true}]}}