{"id":659,"date":"2015-06-23T09:57:17","date_gmt":"2015-06-23T07:57:17","guid":{"rendered":"https:\/\/gotlandexcursion.se\/?page_id=23"},"modified":"2024-09-23T12:55:34","modified_gmt":"2024-09-23T10:55:34","slug":"kontakt-uber-uns","status":"publish","type":"page","link":"https:\/\/gotlandexcursion.se\/de\/kontakt-uber-uns\/","title":{"rendered":"Kontakt &amp; \u00dcber uns"},"content":{"rendered":"<div id='full_slider_1'  class='avia-fullwidth-slider main_color avia-shadow   avia-builder-el-0  el_before_av_heading  avia-builder-el-first   container_wrap sidebar_right'  >\n<style type=\"text\/css\" data-created_by=\"avia_inline_auto\" id=\"style-css-av-68ccyr-a3f25a2b632ad5310fe58ffb9a4bb0c7\">\n#top #wrap_all .avia-slideshow .av-slideshow-caption.av-68ccyr-a3f25a2b632ad5310fe58ffb9a4bb0c7__0 .avia-caption-title{\nfont-size:30px;\ncolor:#ffffff;\n}\n<\/style>\n<div  class='avia-slideshow av-68ccyr-a3f25a2b632ad5310fe58ffb9a4bb0c7 avia-slideshow-featured_large av_slideshow_full avia-fade-slider av-slideshow-ui av-control-minimal av-slideshow-autoplay av-loop-endless av-loop-manual-endless av-default-height-applied   avia-slideshow-1' data-slideshow-options=\"{&quot;animation&quot;:&quot;fade&quot;,&quot;autoplay&quot;:true,&quot;loop_autoplay&quot;:&quot;endless&quot;,&quot;interval&quot;:5,&quot;loop_manual&quot;:&quot;manual-endless&quot;,&quot;autoplay_stopper&quot;:false,&quot;noNavigation&quot;:false,&quot;bg_slider&quot;:false,&quot;keep_padding&quot;:false,&quot;hoverpause&quot;:false,&quot;show_slide_delay&quot;:0}\"  itemprop=\"image\" itemscope=\"itemscope\" itemtype=\"https:\/\/schema.org\/ImageObject\" ><ul class='avia-slideshow-inner ' style='padding-bottom: 42%;'><li  class='avia-slideshow-slide av-68ccyr-a3f25a2b632ad5310fe58ffb9a4bb0c7__0  slide-1 slide-odd'><div data-rel='slideshow-1' class='avia-slide-wrap '   ><img decoding=\"async\" fetchpriority=\"high\" class=\"wp-image-186 avia-img-lazy-loading-not-186\"  src=\"https:\/\/gotlandexcursion.se\/de\/wp-content\/uploads\/sites\/2\/2015\/06\/gotlandvisby4.jpg\" width=\"1500\" height=\"630\" title='gotlandvisby4' alt=''  itemprop=\"thumbnailUrl\" srcset=\"https:\/\/gotlandexcursion.se\/de\/wp-content\/uploads\/sites\/2\/2015\/06\/gotlandvisby4.jpg 1500w, https:\/\/gotlandexcursion.se\/de\/wp-content\/uploads\/sites\/2\/2015\/06\/gotlandvisby4-300x126.jpg 300w, https:\/\/gotlandexcursion.se\/de\/wp-content\/uploads\/sites\/2\/2015\/06\/gotlandvisby4-768x323.jpg 768w, https:\/\/gotlandexcursion.se\/de\/wp-content\/uploads\/sites\/2\/2015\/06\/gotlandvisby4-1030x433.jpg 1030w, https:\/\/gotlandexcursion.se\/de\/wp-content\/uploads\/sites\/2\/2015\/06\/gotlandvisby4-705x296.jpg 705w, https:\/\/gotlandexcursion.se\/de\/wp-content\/uploads\/sites\/2\/2015\/06\/gotlandvisby4-450x189.jpg 450w\" sizes=\"(max-width: 1500px) 100vw, 1500px\" \/><\/div><\/li><li  class='avia-slideshow-slide av-68ccyr-a3f25a2b632ad5310fe58ffb9a4bb0c7__1  slide-2 slide-even'><div data-rel='slideshow-1' class='avia-slide-wrap '   ><img decoding=\"async\" fetchpriority=\"high\" class=\"wp-image-246 avia-img-lazy-loading-not-246\"  src=\"https:\/\/gotlandexcursion.se\/de\/wp-content\/uploads\/sites\/2\/2015\/06\/about_2.jpg\" width=\"1500\" height=\"630\" title='about_2' alt=''  itemprop=\"thumbnailUrl\" srcset=\"https:\/\/gotlandexcursion.se\/de\/wp-content\/uploads\/sites\/2\/2015\/06\/about_2.jpg 1500w, https:\/\/gotlandexcursion.se\/de\/wp-content\/uploads\/sites\/2\/2015\/06\/about_2-300x126.jpg 300w, https:\/\/gotlandexcursion.se\/de\/wp-content\/uploads\/sites\/2\/2015\/06\/about_2-768x323.jpg 768w, https:\/\/gotlandexcursion.se\/de\/wp-content\/uploads\/sites\/2\/2015\/06\/about_2-1030x433.jpg 1030w, https:\/\/gotlandexcursion.se\/de\/wp-content\/uploads\/sites\/2\/2015\/06\/about_2-705x296.jpg 705w, https:\/\/gotlandexcursion.se\/de\/wp-content\/uploads\/sites\/2\/2015\/06\/about_2-450x189.jpg 450w\" sizes=\"(max-width: 1500px) 100vw, 1500px\" \/><\/div><\/li><li  class='avia-slideshow-slide av-68ccyr-a3f25a2b632ad5310fe58ffb9a4bb0c7__2  slide-3 slide-odd'><div data-rel='slideshow-1' class='avia-slide-wrap '   ><img decoding=\"async\" fetchpriority=\"high\" class=\"wp-image-245 avia-img-lazy-loading-not-245\"  src=\"https:\/\/gotlandexcursion.se\/de\/wp-content\/uploads\/sites\/2\/2015\/06\/about_3.jpg\" width=\"1500\" height=\"630\" title='about_3' alt=''  itemprop=\"thumbnailUrl\" srcset=\"https:\/\/gotlandexcursion.se\/de\/wp-content\/uploads\/sites\/2\/2015\/06\/about_3.jpg 1500w, https:\/\/gotlandexcursion.se\/de\/wp-content\/uploads\/sites\/2\/2015\/06\/about_3-300x126.jpg 300w, https:\/\/gotlandexcursion.se\/de\/wp-content\/uploads\/sites\/2\/2015\/06\/about_3-768x323.jpg 768w, https:\/\/gotlandexcursion.se\/de\/wp-content\/uploads\/sites\/2\/2015\/06\/about_3-1030x433.jpg 1030w, https:\/\/gotlandexcursion.se\/de\/wp-content\/uploads\/sites\/2\/2015\/06\/about_3-705x296.jpg 705w, https:\/\/gotlandexcursion.se\/de\/wp-content\/uploads\/sites\/2\/2015\/06\/about_3-450x189.jpg 450w\" sizes=\"(max-width: 1500px) 100vw, 1500px\" \/><\/div><\/li><li  class='avia-slideshow-slide av-68ccyr-a3f25a2b632ad5310fe58ffb9a4bb0c7__3  slide-4 slide-even'><div data-rel='slideshow-1' class='avia-slide-wrap '   ><img decoding=\"async\" fetchpriority=\"high\" class=\"wp-image-244 avia-img-lazy-loading-not-244\"  src=\"https:\/\/gotlandexcursion.se\/de\/wp-content\/uploads\/sites\/2\/2015\/06\/about_4.jpg\" width=\"1500\" height=\"630\" title='about_4' alt=''  itemprop=\"thumbnailUrl\" srcset=\"https:\/\/gotlandexcursion.se\/de\/wp-content\/uploads\/sites\/2\/2015\/06\/about_4.jpg 1500w, https:\/\/gotlandexcursion.se\/de\/wp-content\/uploads\/sites\/2\/2015\/06\/about_4-300x126.jpg 300w, https:\/\/gotlandexcursion.se\/de\/wp-content\/uploads\/sites\/2\/2015\/06\/about_4-768x323.jpg 768w, https:\/\/gotlandexcursion.se\/de\/wp-content\/uploads\/sites\/2\/2015\/06\/about_4-1030x433.jpg 1030w, https:\/\/gotlandexcursion.se\/de\/wp-content\/uploads\/sites\/2\/2015\/06\/about_4-705x296.jpg 705w, https:\/\/gotlandexcursion.se\/de\/wp-content\/uploads\/sites\/2\/2015\/06\/about_4-450x189.jpg 450w\" sizes=\"(max-width: 1500px) 100vw, 1500px\" \/><\/div><\/li><\/ul><div class='avia-slideshow-arrows avia-slideshow-controls' ><a href='#prev' class='prev-slide ' aria-hidden='true' data-av_icon='\ue87c' data-av_iconfont='entypo-fontello'  tabindex='-1'>Zur\u00fcck<\/a><a href='#next' class='next-slide ' aria-hidden='true' data-av_icon='\ue87d' data-av_iconfont='entypo-fontello'  tabindex='-1'>Weiter<\/a><\/div><div class='avia-slideshow-dots avia-slideshow-controls'><a href='#1' class='goto-slide active' >1<\/a><a href='#2' class='goto-slide ' >2<\/a><a href='#3' class='goto-slide ' >3<\/a><a href='#4' class='goto-slide ' >4<\/a><\/div><div class='av-slideshow-caption av-68ccyr-a3f25a2b632ad5310fe58ffb9a4bb0c7__0 caption_fullwidth caption_bottom caption_bottom_framed caption_framed'><div class=\"container caption_container\"><div class=\"slideshow_caption\"><div class=\"slideshow_inner_caption\"><div class=\"slideshow_align_caption\"><h2 class='avia-caption-title '  itemprop=\"name\" >Wir organisieren bereits seit \u00fcber 35 Jahren Exkursionstouren<\/h2><\/div><\/div><\/div><\/div><\/div><\/div><\/div><div id='after_full_slider_1'  class='main_color av_default_container_wrap container_wrap sidebar_right'  ><div class='container av-section-cont-open' ><div class='template-page content  av-content-small alpha units'><div class='post-entry post-entry-type-page post-entry-659'><div class='entry-content-wrapper clearfix'>\n\n<style type=\"text\/css\" data-created_by=\"avia_inline_auto\" id=\"style-css-av-79143-6f7653a122db9b3d1f76d6d0a01300af\">\n#top .av-special-heading.av-79143-6f7653a122db9b3d1f76d6d0a01300af{\npadding-bottom:30px;\n}\nbody .av-special-heading.av-79143-6f7653a122db9b3d1f76d6d0a01300af .av-special-heading-tag .heading-char{\nfont-size:25px;\n}\n.av-special-heading.av-79143-6f7653a122db9b3d1f76d6d0a01300af .av-subheading{\nfont-size:15px;\n}\n<\/style>\n<div  class='av-special-heading av-79143-6f7653a122db9b3d1f76d6d0a01300af av-special-heading-h1 blockquote modern-quote  avia-builder-el-1  el_after_av_slideshow_full  el_before_av_one_half  avia-builder-el-first '><h1 class='av-special-heading-tag '  itemprop=\"headline\"  >Gotland Excursion<\/h1><div class=\"special-heading-border\"><div class=\"special-heading-inner-border\"><\/div><\/div><\/div>\n<div class='flex_column_table av-56p3m3-9ef03ecf5c0f271fa2132c19f5c577db sc-av_one_half av-equal-height-column-flextable'>\n<style type=\"text\/css\" data-created_by=\"avia_inline_auto\" id=\"style-css-av-56p3m3-9ef03ecf5c0f271fa2132c19f5c577db\">\n.flex_column.av-56p3m3-9ef03ecf5c0f271fa2132c19f5c577db{\nborder-radius:0px 0px 0px 0px;\npadding:0px 0px 0px 0px;\n}\n<\/style>\n<div  class='flex_column av-56p3m3-9ef03ecf5c0f271fa2132c19f5c577db av_one_half  avia-builder-el-2  el_after_av_heading  el_before_av_one_half  first flex_column_table_cell av-equal-height-column av-align-top av-zero-column-padding  '     ><p><article  class='iconbox iconbox_top av-53ezar-0b71c7641deed6b30485e6098f72bd19  avia-builder-el-3  el_before_av_textblock  avia-builder-el-first  main_color'  itemscope=\"itemscope\" itemtype=\"https:\/\/schema.org\/CreativeWork\" ><div class=\"iconbox_content\"><header class=\"entry-content-header\" aria-label=\"Icon: Gotland Excursion\"><div class=\"iconbox_icon heading-color\" aria-hidden='true' data-av_icon='\ue83c' data-av_iconfont='entypo-fontello'><\/div><h3 class='iconbox_content_title '  itemprop=\"headline\" >Gotland Excursion<\/h3><\/header><div class='iconbox_content_container '  itemprop=\"text\" ><p>Cypressgatan 5<br \/>\n621\u00a022 Visby \u2013 Sweden<\/p>\n<p>E-Mail: info[at]gotlandexcursion.se<br \/>\nTelefon: +46 498 24 90 02<\/p>\n<\/div><\/div><footer class=\"entry-footer\"><\/footer><\/article><br \/>\n<section  class='av_textblock_section av-1gomab-1233e630f67202e7356c475339b8cb4c '   itemscope=\"itemscope\" itemtype=\"https:\/\/schema.org\/CreativeWork\" ><div class='av-desktop-hide av-medium-hide av-small-hide av-mini-hide avia_textblock'  itemprop=\"text\" ><p>Das Personal von Gotland Excursion organisiert bereits seit \u00fcber 35 Jahren Exkursionstouren, Konferenzen und Veranstaltungen. Wir bieten au\u00dferdem Dienstleistungen und Ausfl\u00fcge f\u00fcr Yachten und Kreuzfahrtschiffe an.<\/p>\n<p>Unsere G\u00e4ste kommen aus aller Welt. Wir empfangen private G\u00e4ste, gr\u00f6\u00dfere Gruppen und Gesch\u00e4ftskunden.<\/p>\n<p><em>Gotland Excursion<\/em><em>\u00a0<\/em>arbeitet mit der Firma <strong>AB Carl E. Ekman Shipbrokers<\/strong> zusammen, die bereits seit \u00fcber 150 Jahren auf Gotland ans\u00e4ssig ist. Unsere gemeinsamen B\u00fcros befinden sich in der Cypressgatan, mit BLick auf den Kreuzfahrtpier.<\/p>\n<p>Seit dem 1. September 2014 sind Gotland Excursion und Carl E. Ekman, Tochtergesellschaften von Gotlands Stuveri AB.<\/p>\n<p>Nehmen Sie Kontakt mit uns auf, damit wir Ihren Besuch ganz nach Ihren W\u00fcnschen organisieren k\u00f6nnen.<\/p>\n<\/div><\/section><\/p><\/div><div class='av-flex-placeholder'><\/div>\n<style type=\"text\/css\" data-created_by=\"avia_inline_auto\" id=\"style-css-av-41a9uz-e4da1f9d03b3e9d1245a5b40c10b9b56\">\n.flex_column.av-41a9uz-e4da1f9d03b3e9d1245a5b40c10b9b56{\nborder-radius:0px 0px 0px 0px;\npadding:0px 0px 0px 0px;\n}\n<\/style>\n<div  class='flex_column av-41a9uz-e4da1f9d03b3e9d1245a5b40c10b9b56 av_one_half  avia-builder-el-5  el_after_av_one_half  el_before_av_one_full  flex_column_table_cell av-equal-height-column av-align-top av-zero-column-padding  '     ><p>\n<style type=\"text\/css\" data-created_by=\"avia_inline_auto\" id=\"style-css-av-2mbxlf-6278c461adece8315d02a727d988961a\">\n.avia-image-container.av-2mbxlf-6278c461adece8315d02a727d988961a img.avia_image{\nbox-shadow:none;\n}\n.avia-image-container.av-2mbxlf-6278c461adece8315d02a727d988961a .av-image-caption-overlay-center{\ncolor:#ffffff;\n}\n<\/style>\n<div  class='avia-image-container av-2mbxlf-6278c461adece8315d02a727d988961a av-styling- avia-align-center  avia-builder-el-6  el_before_av_textblock  avia-builder-el-first  av-desktop-hide av-medium-hide av-small-hide av-mini-hide'   itemprop=\"image\" itemscope=\"itemscope\" itemtype=\"https:\/\/schema.org\/ImageObject\" ><div class=\"avia-image-container-inner\"><div class=\"avia-image-overlay-wrap\"><img decoding=\"async\" fetchpriority=\"high\" class='wp-image-224 avia-img-lazy-loading-not-224 avia_image ' src=\"https:\/\/gotlandexcursion.se\/de\/wp-content\/uploads\/sites\/2\/2015\/06\/portrait-dummy.jpg\" alt='' title='portrait-dummy'  height=\"300\" width=\"300\"  itemprop=\"thumbnailUrl\" srcset=\"https:\/\/gotlandexcursion.se\/de\/wp-content\/uploads\/sites\/2\/2015\/06\/portrait-dummy.jpg 300w, https:\/\/gotlandexcursion.se\/de\/wp-content\/uploads\/sites\/2\/2015\/06\/portrait-dummy-80x80.jpg 80w, https:\/\/gotlandexcursion.se\/de\/wp-content\/uploads\/sites\/2\/2015\/06\/portrait-dummy-36x36.jpg 36w, https:\/\/gotlandexcursion.se\/de\/wp-content\/uploads\/sites\/2\/2015\/06\/portrait-dummy-180x180.jpg 180w, https:\/\/gotlandexcursion.se\/de\/wp-content\/uploads\/sites\/2\/2015\/06\/portrait-dummy-120x120.jpg 120w\" sizes=\"(max-width: 300px) 100vw, 300px\" \/><\/div><\/div><\/div><br \/>\n<section  class='av_textblock_section av-2ct3rv-7e7fb851ecca6ccfe40c889c49cd4cf0 '   itemscope=\"itemscope\" itemtype=\"https:\/\/schema.org\/CreativeWork\" ><div class='av-desktop-hide av-medium-hide av-small-hide av-mini-hide avia_textblock'  itemprop=\"text\" ><p style=\"text-align: center\">Henrik Nehro Ahlqvist<br \/>\nCEO<\/p>\n<\/div><\/section><br \/>\n\n<style type=\"text\/css\" data-created_by=\"avia_inline_auto\" id=\"style-css-av-3mlykj-82a34c589981d79a8694069b7bbac0fe\">\n#top .hr.hr-invisible.av-3mlykj-82a34c589981d79a8694069b7bbac0fe{\nheight:20px;\n}\n<\/style>\n<div  class='hr av-3mlykj-82a34c589981d79a8694069b7bbac0fe hr-invisible  avia-builder-el-8  el_after_av_textblock  el_before_av_image  av-desktop-hide av-medium-hide av-small-hide av-mini-hide'><span class='hr-inner '><span class=\"hr-inner-style\"><\/span><\/span><\/div><br \/>\n\n<style type=\"text\/css\" data-created_by=\"avia_inline_auto\" id=\"style-css-av-3fcnxn-c827c218638600439f2bf95e378346b6\">\n.avia-image-container.av-3fcnxn-c827c218638600439f2bf95e378346b6 img.avia_image{\nbox-shadow:none;\n}\n.avia-image-container.av-3fcnxn-c827c218638600439f2bf95e378346b6 .av-image-caption-overlay-center{\ncolor:#ffffff;\n}\n<\/style>\n<div  class='avia-image-container av-3fcnxn-c827c218638600439f2bf95e378346b6 av-styling- avia-align-center  avia-builder-el-9  el_after_av_hr  el_before_av_textblock  av-desktop-hide av-medium-hide av-small-hide av-mini-hide'   itemprop=\"image\" itemscope=\"itemscope\" itemtype=\"https:\/\/schema.org\/ImageObject\" ><div class=\"avia-image-container-inner\"><div class=\"avia-image-overlay-wrap\"><img decoding=\"async\" fetchpriority=\"high\" class='wp-image-594 avia-img-lazy-loading-not-594 avia_image ' src=\"https:\/\/gotlandexcursion.se\/de\/wp-content\/uploads\/sites\/2\/2016\/02\/AnetteBerg_web.jpg\" alt='' title='AnetteBerg_web'  height=\"260\" width=\"260\"  itemprop=\"thumbnailUrl\" srcset=\"https:\/\/gotlandexcursion.se\/de\/wp-content\/uploads\/sites\/2\/2016\/02\/AnetteBerg_web.jpg 260w, https:\/\/gotlandexcursion.se\/de\/wp-content\/uploads\/sites\/2\/2016\/02\/AnetteBerg_web-80x80.jpg 80w, https:\/\/gotlandexcursion.se\/de\/wp-content\/uploads\/sites\/2\/2016\/02\/AnetteBerg_web-36x36.jpg 36w, https:\/\/gotlandexcursion.se\/de\/wp-content\/uploads\/sites\/2\/2016\/02\/AnetteBerg_web-180x180.jpg 180w, https:\/\/gotlandexcursion.se\/de\/wp-content\/uploads\/sites\/2\/2016\/02\/AnetteBerg_web-120x120.jpg 120w\" sizes=\"(max-width: 260px) 100vw, 260px\" \/><\/div><\/div><\/div><br \/>\n<section  class='av_textblock_section av-3asf4j-33037388b3b8b8ed3b94041788930a29 '   itemscope=\"itemscope\" itemtype=\"https:\/\/schema.org\/CreativeWork\" ><div class='av-desktop-hide av-medium-hide av-small-hide av-mini-hide avia_textblock'  itemprop=\"text\" ><p style=\"text-align: center\">Anette Berg<br \/>\nVerwaltung<\/p>\n<\/div><\/section><br \/>\n\n<style type=\"text\/css\" data-created_by=\"avia_inline_auto\" id=\"style-css-av-28hbqz-3d52f011e60b3b8c5e830ab82fbb1e6f\">\n#top .hr.hr-invisible.av-28hbqz-3d52f011e60b3b8c5e830ab82fbb1e6f{\nheight:60px;\n}\n<\/style>\n<div  class='hr av-28hbqz-3d52f011e60b3b8c5e830ab82fbb1e6f hr-invisible  avia-builder-el-11  el_after_av_textblock  el_before_av_image  av-desktop-hide av-medium-hide av-small-hide av-mini-hide'><span class='hr-inner '><span class=\"hr-inner-style\"><\/span><\/span><\/div><br \/>\n\n<style type=\"text\/css\" data-created_by=\"avia_inline_auto\" id=\"style-css-av-337qrn-89d54902babf7ba2fca68cb50e4ba278\">\n.avia-image-container.av-337qrn-89d54902babf7ba2fca68cb50e4ba278 img.avia_image{\nbox-shadow:none;\n}\n.avia-image-container.av-337qrn-89d54902babf7ba2fca68cb50e4ba278 .av-image-caption-overlay-center{\ncolor:#ffffff;\n}\n<\/style>\n<div  class='avia-image-container av-337qrn-89d54902babf7ba2fca68cb50e4ba278 av-styling- avia-align-center  avia-builder-el-12  el_after_av_hr  el_before_av_textblock  av-desktop-hide av-medium-hide av-small-hide av-mini-hide'   itemprop=\"image\" itemscope=\"itemscope\" itemtype=\"https:\/\/schema.org\/ImageObject\" ><div class=\"avia-image-container-inner\"><div class=\"avia-image-overlay-wrap\"><img decoding=\"async\" fetchpriority=\"high\" class='wp-image-595 avia-img-lazy-loading-not-595 avia_image ' src=\"https:\/\/gotlandexcursion.se\/de\/wp-content\/uploads\/sites\/2\/2016\/02\/ErikaHolstensson_web.jpg\" alt='' title='ErikaHolstensson_web'  height=\"260\" width=\"260\"  itemprop=\"thumbnailUrl\" srcset=\"https:\/\/gotlandexcursion.se\/de\/wp-content\/uploads\/sites\/2\/2016\/02\/ErikaHolstensson_web.jpg 260w, https:\/\/gotlandexcursion.se\/de\/wp-content\/uploads\/sites\/2\/2016\/02\/ErikaHolstensson_web-80x80.jpg 80w, https:\/\/gotlandexcursion.se\/de\/wp-content\/uploads\/sites\/2\/2016\/02\/ErikaHolstensson_web-36x36.jpg 36w, https:\/\/gotlandexcursion.se\/de\/wp-content\/uploads\/sites\/2\/2016\/02\/ErikaHolstensson_web-180x180.jpg 180w, https:\/\/gotlandexcursion.se\/de\/wp-content\/uploads\/sites\/2\/2016\/02\/ErikaHolstensson_web-120x120.jpg 120w\" sizes=\"(max-width: 260px) 100vw, 260px\" \/><\/div><\/div><\/div><br \/>\n<section  class='av_textblock_section av-2wuusr-b7a1b8ab024295cb4225ef60f8591b56 '   itemscope=\"itemscope\" itemtype=\"https:\/\/schema.org\/CreativeWork\" ><div class='av-desktop-hide av-medium-hide av-small-hide av-mini-hide avia_textblock'  itemprop=\"text\" ><p style=\"text-align: center\">Erika Holstensson<br \/>\nFinanzen<\/p>\n<\/div><\/section><\/p><\/div><\/div><!--close column table wrapper. Autoclose: 1 --><\/p>\n\n<style type=\"text\/css\" data-created_by=\"avia_inline_auto\" id=\"style-css-av-z7ob7-f2d994499863968661a9ebd0b93930eb\">\n.flex_column.av-z7ob7-f2d994499863968661a9ebd0b93930eb{\nborder-radius:0px 0px 0px 0px;\npadding:0px 0px 0px 0px;\n}\n<\/style>\n<div  class='flex_column av-z7ob7-f2d994499863968661a9ebd0b93930eb av_one_full  avia-builder-el-14  el_after_av_one_half  el_before_av_hr  first flex_column_div av-zero-column-padding  column-top-margin'     ><p>\n<style type=\"text\/css\" data-created_by=\"avia_inline_auto\" id=\"style-css-av-t7etf-3d79b5c71949fc3fd6763db160947814\">\n#top .av-special-heading.av-t7etf-3d79b5c71949fc3fd6763db160947814{\npadding-bottom:10px;\n}\nbody .av-special-heading.av-t7etf-3d79b5c71949fc3fd6763db160947814 .av-special-heading-tag .heading-char{\nfont-size:25px;\n}\n.av-special-heading.av-t7etf-3d79b5c71949fc3fd6763db160947814 .av-subheading{\nfont-size:15px;\n}\n<\/style>\n<div  class='av-special-heading av-t7etf-3d79b5c71949fc3fd6763db160947814 av-special-heading-h3 blockquote modern-quote  avia-builder-el-15  el_before_av_google_map  avia-builder-el-no-sibling '><h3 class='av-special-heading-tag '  itemprop=\"headline\"  >Finden Sie uns<\/h3><div class=\"special-heading-border\"><div class=\"special-heading-inner-border\"><\/div><\/div><\/div><br \/>\n<div  class='av_gmaps_sc_main_wrap av_gmaps_main_wrap '><div id='av_gmap_0' class='avia-google-map-container avia-google-map-sc av_gmaps_show_unconditionally av-no-fallback-img ' data-mapid='av_gmap_0'  style='height: 600px;'><a class=\"av_gmaps_browser_disabled av_text_confirm_link av_text_confirm_link_visible\" href=\"https:\/\/www.google.com\/maps\/search\/?api=1&#038;query=Cypressgatan%205%20%20Visby%20%20Sweden\" target=\"_blank\">Maps were disabled by the visitor on this site. Click to open the map in a new window.<\/a><\/div><\/div><\/p><\/div>\n\n<style type=\"text\/css\" data-created_by=\"avia_inline_auto\" id=\"style-css-av-a3qn7-de281891d728a0534ed44bd3314ab9d1\">\n#top .hr.hr-invisible.av-a3qn7-de281891d728a0534ed44bd3314ab9d1{\nheight:50px;\n}\n<\/style>\n<div  class='hr av-a3qn7-de281891d728a0534ed44bd3314ab9d1 hr-invisible  avia-builder-el-17  el_after_av_one_full  avia-builder-el-last '><span class='hr-inner '><span class=\"hr-inner-style\"><\/span><\/span><\/div>\n","protected":false},"excerpt":{"rendered":"","protected":false},"author":1,"featured_media":0,"parent":0,"menu_order":4,"comment_status":"open","ping_status":"open","template":"","meta":{"footnotes":""},"class_list":["post-659","page","type-page","status-publish","hentry"],"_links":{"self":[{"href":"https:\/\/gotlandexcursion.se\/de\/wp-json\/wp\/v2\/pages\/659","targetHints":{"allow":["GET"]}}],"collection":[{"href":"https:\/\/gotlandexcursion.se\/de\/wp-json\/wp\/v2\/pages"}],"about":[{"href":"https:\/\/gotlandexcursion.se\/de\/wp-json\/wp\/v2\/types\/page"}],"author":[{"embeddable":true,"href":"https:\/\/gotlandexcursion.se\/de\/wp-json\/wp\/v2\/users\/1"}],"replies":[{"embeddable":true,"href":"https:\/\/gotlandexcursion.se\/de\/wp-json\/wp\/v2\/comments?post=659"}],"version-history":[{"count":21,"href":"https:\/\/gotlandexcursion.se\/de\/wp-json\/wp\/v2\/pages\/659\/revisions"}],"predecessor-version":[{"id":785,"href":"https:\/\/gotlandexcursion.se\/de\/wp-json\/wp\/v2\/pages\/659\/revisions\/785"}],"wp:attachment":[{"href":"https:\/\/gotlandexcursion.se\/de\/wp-json\/wp\/v2\/media?parent=659"}],"curies":[{"name":"wp","href":"https:\/\/api.w.org\/{rel}","templated":true}]}}