{"id":658,"date":"2015-06-23T09:56:13","date_gmt":"2015-06-23T07:56:13","guid":{"rendered":"https:\/\/gotlandexcursion.se\/?page_id=19"},"modified":"2023-03-02T15:18:58","modified_gmt":"2023-03-02T14:18:58","slug":"exkursionen","status":"publish","type":"page","link":"https:\/\/gotlandexcursion.se\/de\/exkursionen\/","title":{"rendered":"Exkursionen"},"content":{"rendered":"<div id='full_slider_1'  class='avia-fullwidth-slider main_color avia-shadow   avia-builder-el-0  el_before_av_heading  avia-builder-el-first   container_wrap sidebar_right'  >\n<style type=\"text\/css\" data-created_by=\"avia_inline_auto\" id=\"style-css-av-av_slideshow_full-46303779e448db17c330f4c900a3abfd\">\n#top #wrap_all .avia-slideshow .av-slideshow-caption.av-av_slideshow_full-46303779e448db17c330f4c900a3abfd__0 .avia-caption-title{\nfont-size:30px;\ncolor:#ffffff;\n}\n<\/style>\n<div  class='avia-slideshow av-av_slideshow_full-46303779e448db17c330f4c900a3abfd avia-slideshow-featured_large av_slideshow_full avia-fade-slider av-slideshow-ui av-control-minimal av-slideshow-autoplay av-loop-endless av-loop-manual-endless av-default-height-applied   avia-slideshow-1' data-slideshow-options=\"{&quot;animation&quot;:&quot;fade&quot;,&quot;autoplay&quot;:true,&quot;loop_autoplay&quot;:&quot;endless&quot;,&quot;interval&quot;:5,&quot;loop_manual&quot;:&quot;manual-endless&quot;,&quot;autoplay_stopper&quot;:false,&quot;noNavigation&quot;:false,&quot;bg_slider&quot;:false,&quot;keep_padding&quot;:false,&quot;hoverpause&quot;:false,&quot;show_slide_delay&quot;:0}\"  itemprop=\"image\" itemscope=\"itemscope\" itemtype=\"https:\/\/schema.org\/ImageObject\" ><ul class='avia-slideshow-inner ' style='padding-bottom: 42%;'><li  class='avia-slideshow-slide av-av_slideshow_full-46303779e448db17c330f4c900a3abfd__0  slide-1 slide-odd'><div data-rel='slideshow-1' class='avia-slide-wrap '   ><img decoding=\"async\" fetchpriority=\"high\" class=\"wp-image-198 avia-img-lazy-loading-not-198\"  src=\"https:\/\/gotlandexcursion.se\/de\/wp-content\/uploads\/sites\/2\/2015\/06\/exc_1.jpg\" width=\"1500\" height=\"630\" title='exc_1' alt=''  itemprop=\"thumbnailUrl\" srcset=\"https:\/\/gotlandexcursion.se\/de\/wp-content\/uploads\/sites\/2\/2015\/06\/exc_1.jpg 1500w, https:\/\/gotlandexcursion.se\/de\/wp-content\/uploads\/sites\/2\/2015\/06\/exc_1-300x126.jpg 300w, https:\/\/gotlandexcursion.se\/de\/wp-content\/uploads\/sites\/2\/2015\/06\/exc_1-768x323.jpg 768w, https:\/\/gotlandexcursion.se\/de\/wp-content\/uploads\/sites\/2\/2015\/06\/exc_1-1030x433.jpg 1030w, https:\/\/gotlandexcursion.se\/de\/wp-content\/uploads\/sites\/2\/2015\/06\/exc_1-705x296.jpg 705w, https:\/\/gotlandexcursion.se\/de\/wp-content\/uploads\/sites\/2\/2015\/06\/exc_1-450x189.jpg 450w\" sizes=\"(max-width: 1500px) 100vw, 1500px\" \/><\/div><\/li><li  class='avia-slideshow-slide av-av_slideshow_full-46303779e448db17c330f4c900a3abfd__1  slide-2 slide-even'><div data-rel='slideshow-1' class='avia-slide-wrap '   ><img decoding=\"async\" fetchpriority=\"high\" class=\"wp-image-483 avia-img-lazy-loading-not-483\"  src=\"https:\/\/gotlandexcursion.se\/de\/wp-content\/uploads\/sites\/2\/2015\/06\/visbytour_v2_11.jpg\" width=\"1500\" height=\"630\" title='visbytour_v2_1' alt=''  itemprop=\"thumbnailUrl\" srcset=\"https:\/\/gotlandexcursion.se\/de\/wp-content\/uploads\/sites\/2\/2015\/06\/visbytour_v2_11.jpg 1500w, https:\/\/gotlandexcursion.se\/de\/wp-content\/uploads\/sites\/2\/2015\/06\/visbytour_v2_11-300x126.jpg 300w, https:\/\/gotlandexcursion.se\/de\/wp-content\/uploads\/sites\/2\/2015\/06\/visbytour_v2_11-768x323.jpg 768w, https:\/\/gotlandexcursion.se\/de\/wp-content\/uploads\/sites\/2\/2015\/06\/visbytour_v2_11-1030x433.jpg 1030w, https:\/\/gotlandexcursion.se\/de\/wp-content\/uploads\/sites\/2\/2015\/06\/visbytour_v2_11-705x296.jpg 705w, https:\/\/gotlandexcursion.se\/de\/wp-content\/uploads\/sites\/2\/2015\/06\/visbytour_v2_11-450x189.jpg 450w\" sizes=\"(max-width: 1500px) 100vw, 1500px\" \/><\/div><\/li><li  class='avia-slideshow-slide av-av_slideshow_full-46303779e448db17c330f4c900a3abfd__2  slide-3 slide-odd'><div data-rel='slideshow-1' class='avia-slide-wrap '   ><img decoding=\"async\" fetchpriority=\"high\" class=\"wp-image-196 avia-img-lazy-loading-not-196\"  src=\"https:\/\/gotlandexcursion.se\/de\/wp-content\/uploads\/sites\/2\/2015\/06\/exc_4.jpg\" width=\"1500\" height=\"630\" title='exc_4' alt=''  itemprop=\"thumbnailUrl\" srcset=\"https:\/\/gotlandexcursion.se\/de\/wp-content\/uploads\/sites\/2\/2015\/06\/exc_4.jpg 1500w, https:\/\/gotlandexcursion.se\/de\/wp-content\/uploads\/sites\/2\/2015\/06\/exc_4-300x126.jpg 300w, https:\/\/gotlandexcursion.se\/de\/wp-content\/uploads\/sites\/2\/2015\/06\/exc_4-768x323.jpg 768w, https:\/\/gotlandexcursion.se\/de\/wp-content\/uploads\/sites\/2\/2015\/06\/exc_4-1030x433.jpg 1030w, https:\/\/gotlandexcursion.se\/de\/wp-content\/uploads\/sites\/2\/2015\/06\/exc_4-705x296.jpg 705w, https:\/\/gotlandexcursion.se\/de\/wp-content\/uploads\/sites\/2\/2015\/06\/exc_4-450x189.jpg 450w\" sizes=\"(max-width: 1500px) 100vw, 1500px\" \/><\/div><\/li><li  class='avia-slideshow-slide av-av_slideshow_full-46303779e448db17c330f4c900a3abfd__3  slide-4 slide-even'><div data-rel='slideshow-1' class='avia-slide-wrap '   ><img decoding=\"async\" fetchpriority=\"high\" class=\"wp-image-484 avia-img-lazy-loading-not-484\"  src=\"https:\/\/gotlandexcursion.se\/de\/wp-content\/uploads\/sites\/2\/2015\/06\/visbytour_v2_21.jpg\" width=\"1500\" height=\"630\" title='visbytour_v2_2' alt=''  itemprop=\"thumbnailUrl\" srcset=\"https:\/\/gotlandexcursion.se\/de\/wp-content\/uploads\/sites\/2\/2015\/06\/visbytour_v2_21.jpg 1500w, https:\/\/gotlandexcursion.se\/de\/wp-content\/uploads\/sites\/2\/2015\/06\/visbytour_v2_21-300x126.jpg 300w, https:\/\/gotlandexcursion.se\/de\/wp-content\/uploads\/sites\/2\/2015\/06\/visbytour_v2_21-768x323.jpg 768w, https:\/\/gotlandexcursion.se\/de\/wp-content\/uploads\/sites\/2\/2015\/06\/visbytour_v2_21-1030x433.jpg 1030w, https:\/\/gotlandexcursion.se\/de\/wp-content\/uploads\/sites\/2\/2015\/06\/visbytour_v2_21-705x296.jpg 705w, https:\/\/gotlandexcursion.se\/de\/wp-content\/uploads\/sites\/2\/2015\/06\/visbytour_v2_21-450x189.jpg 450w\" sizes=\"(max-width: 1500px) 100vw, 1500px\" \/><\/div><\/li><\/ul><div class='avia-slideshow-arrows avia-slideshow-controls' ><a href='#prev' class='prev-slide ' aria-hidden='true' data-av_icon='\ue87c' data-av_iconfont='entypo-fontello'  tabindex='-1'>Zur\u00fcck<\/a><a href='#next' class='next-slide ' aria-hidden='true' data-av_icon='\ue87d' data-av_iconfont='entypo-fontello'  tabindex='-1'>Weiter<\/a><\/div><div class='avia-slideshow-dots avia-slideshow-controls'><a href='#1' class='goto-slide active' >1<\/a><a href='#2' class='goto-slide ' >2<\/a><a href='#3' class='goto-slide ' >3<\/a><a href='#4' class='goto-slide ' >4<\/a><\/div><\/div><\/div><div id='after_full_slider_1'  class='main_color av_default_container_wrap container_wrap sidebar_right'  ><div class='container av-section-cont-open' ><div class='template-page content  av-content-small alpha units'><div class='post-entry post-entry-type-page post-entry-658'><div class='entry-content-wrapper clearfix'>\n\n<style type=\"text\/css\" data-created_by=\"avia_inline_auto\" id=\"style-css-av-av_heading-cf692b019c5cd906bbf7317f7ae1f361\">\n#top .av-special-heading.av-av_heading-cf692b019c5cd906bbf7317f7ae1f361{\npadding-bottom:40px;\n}\nbody .av-special-heading.av-av_heading-cf692b019c5cd906bbf7317f7ae1f361 .av-special-heading-tag .heading-char{\nfont-size:25px;\n}\n.av-special-heading.av-av_heading-cf692b019c5cd906bbf7317f7ae1f361 .av-subheading{\nfont-size:15px;\n}\n<\/style>\n<div  class='av-special-heading av-av_heading-cf692b019c5cd906bbf7317f7ae1f361 av-special-heading-h1 blockquote modern-quote  avia-builder-el-1  el_after_av_slideshow_full  el_before_av_one_full  avia-builder-el-first '><h1 class='av-special-heading-tag '  itemprop=\"headline\"  >Visby und Gotland bieten unz\u00e4hlige Ausflugsm\u00f6glichkeiten&#8230;<\/h1><div class=\"special-heading-border\"><div class=\"special-heading-inner-border\"><\/div><\/div><\/div>\n\n<style type=\"text\/css\" data-created_by=\"avia_inline_auto\" id=\"style-css-av-av_one_full-352b07ef7d3bc99b2e9f92e7a9e06bdb\">\n.flex_column.av-av_one_full-352b07ef7d3bc99b2e9f92e7a9e06bdb{\nborder-radius:0px 0px 0px 0px;\npadding:0px 0px 0px 0px;\n}\n<\/style>\n<div  class='flex_column av-av_one_full-352b07ef7d3bc99b2e9f92e7a9e06bdb av_one_full  avia-builder-el-2  el_after_av_heading  el_before_av_heading  first flex_column_div av-zero-column-padding  '     ><p>\n<style type=\"text\/css\" data-created_by=\"avia_inline_auto\" id=\"style-css-av-av_heading-00f31555f21fe63ff6ca4925587d09f8\">\n#top .av-special-heading.av-av_heading-00f31555f21fe63ff6ca4925587d09f8{\npadding-bottom:10px;\n}\nbody .av-special-heading.av-av_heading-00f31555f21fe63ff6ca4925587d09f8 .av-special-heading-tag .heading-char{\nfont-size:25px;\n}\n.av-special-heading.av-av_heading-00f31555f21fe63ff6ca4925587d09f8 .av-subheading{\nfont-size:15px;\n}\n<\/style>\n<div  class='av-special-heading av-av_heading-00f31555f21fe63ff6ca4925587d09f8 av-special-heading-h6 blockquote modern-quote  avia-builder-el-3  el_before_av_masonry_entries  avia-builder-el-no-sibling '><h6 class='av-special-heading-tag '  itemprop=\"headline\"  >Eine Auswahl unserer Touren<\/h6><div class=\"special-heading-border\"><div class=\"special-heading-inner-border\"><\/div><\/div><\/div><br \/>\n<div id='excu' class='av-masonry av-av_masonry_entries-60a0ce3bc22a16440eef0b555c4a6f94 noHover av-fixed-size av-large-gap av-hover-overlay- av-masonry-animation-active av-masonry-col-3 av-caption-always av-caption-style- av-masonry-entries ' data-post_id=\"658\"><div class='av-masonry-sort main_color av-sort-yes' data-masonry-id='1' ><div class='av-sort-by-term  ' data-av-allowed-sort='[\"geschichte_sort\",\"kultur_sort\",\"natur_sort\"]' ><a href=\"#\" data-filter=\"all_sort\" class=\"all_sort_button active_sort\"><span class=\"inner_sort_button\"><span>Alle<\/span><small class=\"avia-term-count\"> 5 <\/small><\/span><\/a><span class='text-sep geschichte_sort_sep avia_show_sort'>\/<\/span><a href=\"#\" data-filter=\"geschichte_sort\" class=\"geschichte_sort_button avia_show_sort\" ><span class=\"inner_sort_button\"><span>Geschichte<\/span><small class='avia-term-count'> 2 <\/small><\/span><\/a><span class='text-sep kultur_sort_sep avia_show_sort'>\/<\/span><a href=\"#\" data-filter=\"kultur_sort\" class=\"kultur_sort_button avia_show_sort\" ><span class=\"inner_sort_button\"><span>Kultur<\/span><small class='avia-term-count'> 2 <\/small><\/span><\/a><span class='text-sep natur_sort_sep avia_show_sort'>\/<\/span><a href=\"#\" data-filter=\"natur_sort\" class=\"natur_sort_button avia_show_sort\" ><span class=\"inner_sort_button\"><span>Natur<\/span><small class='avia-term-count'> 3 <\/small><\/span><\/a><\/div><\/div><div class=\"av-masonry-container isotope av-js-disabled\"><div class='av-masonry-entry isotope-item av-masonry-item-no-image all_sort geschichte_sort  kultur_sort  natur_sort '><\/div><a href=\"https:\/\/gotlandexcursion.se\/de\/exkursion\/stadt-visby-gotland-museum\/\"  id='av-masonry-1-item-90' data-av-masonry-item='90' class='av-masonry-entry isotope-item post-90 portfolio type-portfolio status-publish has-post-thumbnail hentry portfolio_entries-geschichte all_sort geschichte_sort  av-masonry-item-with-image' title=\"World-Heritage\"   itemscope=\"itemscope\" itemtype=\"https:\/\/schema.org\/CreativeWork\" ><div class='av-inner-masonry-sizer'><\/div><figure class='av-inner-masonry main_color'><div class=\"av-masonry-outerimage-container\"><div class='av-masonry-image-container' style=\"background-image: url(https:\/\/gotlandexcursion.se\/de\/wp-content\/uploads\/sites\/2\/2015\/06\/World-Heritage-705x470.jpg);\"  title=\"World-Heritage\" ><\/div><\/div><figcaption class='av-inner-masonry-content site-background'><div class='av-inner-masonry-content-pos'><div class='av-inner-masonry-content-pos-content'><div class='avia-arrow'><\/div><h3 class='av-masonry-entry-title entry-title '  itemprop=\"headline\" >Stadt Visby &amp; Gotland Museum<\/h3><\/div><\/div><\/figcaption><\/figure><\/a><!--end av-masonry entry--><a href=\"https:\/\/gotlandexcursion.se\/de\/exkursion\/schaetze-faro\/\"  id='av-masonry-1-item-81' data-av-masonry-item='81' class='av-masonry-entry isotope-item post-81 portfolio type-portfolio status-publish has-post-thumbnail hentry portfolio_entries-kultur portfolio_entries-natur all_sort kultur_sort  natur_sort  av-masonry-item-with-image' title=\"Kalksteinformationen an der K\u00fcste F\u00e5r\u00f6s\"   itemscope=\"itemscope\" itemtype=\"https:\/\/schema.org\/CreativeWork\" ><div class='av-inner-masonry-sizer'><\/div><figure class='av-inner-masonry main_color'><div class=\"av-masonry-outerimage-container\"><div class='av-masonry-image-container' style=\"background-image: url(https:\/\/gotlandexcursion.se\/de\/wp-content\/uploads\/sites\/2\/2023\/03\/03_MSchaub-seastacks-705x468.jpg);\"  title=\"Kalksteinformationen an der K\u00fcste F\u00e5r\u00f6s\" ><\/div><\/div><figcaption class='av-inner-masonry-content site-background'><div class='av-inner-masonry-content-pos'><div class='av-inner-masonry-content-pos-content'><div class='avia-arrow'><\/div><h3 class='av-masonry-entry-title entry-title '  itemprop=\"headline\" >Die Sch\u00e4tze von F\u00e5r\u00f6<\/h3><\/div><\/div><\/figcaption><\/figure><\/a><!--end av-masonry entry--><a href=\"https:\/\/gotlandexcursion.se\/de\/exkursion\/der-nordwesten-gotlands\/\"  id='av-masonry-1-item-95' data-av-masonry-item='95' class='av-masonry-entry isotope-item post-95 portfolio type-portfolio status-publish has-post-thumbnail hentry portfolio_entries-natur all_sort natur_sort  av-masonry-item-with-image' title=\"northwest_v2_1\"   itemscope=\"itemscope\" itemtype=\"https:\/\/schema.org\/CreativeWork\" ><div class='av-inner-masonry-sizer'><\/div><figure class='av-inner-masonry main_color'><div class=\"av-masonry-outerimage-container\"><div class='av-masonry-image-container' style=\"background-image: url(https:\/\/gotlandexcursion.se\/de\/wp-content\/uploads\/sites\/2\/2015\/06\/northwest_v2_1-705x470.jpg);\"  title=\"northwest_v2_1\" ><\/div><\/div><figcaption class='av-inner-masonry-content site-background'><div class='av-inner-masonry-content-pos'><div class='av-inner-masonry-content-pos-content'><div class='avia-arrow'><\/div><h3 class='av-masonry-entry-title entry-title '  itemprop=\"headline\" >Der Nordwesten Gotlands<\/h3><\/div><\/div><\/figcaption><\/figure><\/a><!--end av-masonry entry--><a href=\"https:\/\/gotlandexcursion.se\/de\/exkursion\/landschafts-und-westkustentour\/\"  id='av-masonry-1-item-72' data-av-masonry-item='72' class='av-masonry-entry isotope-item post-72 portfolio type-portfolio status-publish has-post-thumbnail hentry portfolio_entries-natur all_sort natur_sort  av-masonry-item-with-image' title=\"gotland22\"   itemscope=\"itemscope\" itemtype=\"https:\/\/schema.org\/CreativeWork\" ><div class='av-inner-masonry-sizer'><\/div><figure class='av-inner-masonry main_color'><div class=\"av-masonry-outerimage-container\"><div class='av-masonry-image-container' style=\"background-image: url(https:\/\/gotlandexcursion.se\/de\/wp-content\/uploads\/sites\/2\/2015\/09\/gotland22-705x470.jpg);\"  title=\"gotland22\" ><\/div><\/div><figcaption class='av-inner-masonry-content site-background'><div class='av-inner-masonry-content-pos'><div class='av-inner-masonry-content-pos-content'><div class='avia-arrow'><\/div><h3 class='av-masonry-entry-title entry-title '  itemprop=\"headline\" >Landschafts- und Westk\u00fcstentour<\/h3><\/div><\/div><\/figcaption><\/figure><\/a><!--end av-masonry entry--><a href=\"https:\/\/gotlandexcursion.se\/de\/exkursion\/visby-stadttour\/\"  id='av-masonry-1-item-52' data-av-masonry-item='52' class='av-masonry-entry isotope-item post-52 portfolio type-portfolio status-publish has-post-thumbnail hentry portfolio_entries-geschichte portfolio_entries-kultur all_sort geschichte_sort  kultur_sort  av-masonry-item-with-image' title=\"visbytour_v2_2\"   itemscope=\"itemscope\" itemtype=\"https:\/\/schema.org\/CreativeWork\" ><div class='av-inner-masonry-sizer'><\/div><figure class='av-inner-masonry main_color'><div class=\"av-masonry-outerimage-container\"><div class='av-masonry-image-container' style=\"background-image: url(https:\/\/gotlandexcursion.se\/de\/wp-content\/uploads\/sites\/2\/2015\/06\/visbytour_v2_2-705x470.jpg);\"  title=\"visbytour_v2_2\" ><\/div><\/div><figcaption class='av-inner-masonry-content site-background'><div class='av-inner-masonry-content-pos'><div class='av-inner-masonry-content-pos-content'><div class='avia-arrow'><\/div><h3 class='av-masonry-entry-title entry-title '  itemprop=\"headline\" >Visby-Stadttour<\/h3><\/div><\/div><\/figcaption><\/figure><\/a><!--end av-masonry entry--><\/div><\/div><\/p><\/div>\n\n<style type=\"text\/css\" data-created_by=\"avia_inline_auto\" id=\"style-css-av-av_heading-bfc1c2e3674f4b52e210a066d5411ee8\">\n#top .av-special-heading.av-av_heading-bfc1c2e3674f4b52e210a066d5411ee8{\npadding-bottom:40px;\n}\nbody .av-special-heading.av-av_heading-bfc1c2e3674f4b52e210a066d5411ee8 .av-special-heading-tag .heading-char{\nfont-size:25px;\n}\n.av-special-heading.av-av_heading-bfc1c2e3674f4b52e210a066d5411ee8 .av-subheading{\nfont-size:15px;\n}\n<\/style>\n<div  class='av-special-heading av-av_heading-bfc1c2e3674f4b52e210a066d5411ee8 av-special-heading-h1 blockquote modern-quote  avia-builder-el-5  el_after_av_one_full  el_before_av_hr '><h1 class='av-special-heading-tag '  itemprop=\"headline\"  >Unsere Kompetenz, Flexibilit\u00e4t und Ortskenntnis stellen sicher, dass wir Ihnen das optimal auf Ihre W\u00fcnsche abgestimmte Tourenpaket zusammenstellen.<\/h1><div class=\"special-heading-border\"><div class=\"special-heading-inner-border\"><\/div><\/div><\/div>\n\n<style type=\"text\/css\" data-created_by=\"avia_inline_auto\" id=\"style-css-av-av_hr-0688d0b0b6ed2f8b057db7a8270206df\">\n#top .hr.hr-invisible.av-av_hr-0688d0b0b6ed2f8b057db7a8270206df{\nheight:50px;\n}\n<\/style>\n<div  class='hr av-av_hr-0688d0b0b6ed2f8b057db7a8270206df hr-invisible  avia-builder-el-6  el_after_av_heading  avia-builder-el-last '><span class='hr-inner '><span class=\"hr-inner-style\"><\/span><\/span><\/div>\n","protected":false},"excerpt":{"rendered":"","protected":false},"author":1,"featured_media":0,"parent":0,"menu_order":2,"comment_status":"open","ping_status":"closed","template":"","meta":{"footnotes":""},"class_list":["post-658","page","type-page","status-publish","hentry"],"_links":{"self":[{"href":"https:\/\/gotlandexcursion.se\/de\/wp-json\/wp\/v2\/pages\/658","targetHints":{"allow":["GET"]}}],"collection":[{"href":"https:\/\/gotlandexcursion.se\/de\/wp-json\/wp\/v2\/pages"}],"about":[{"href":"https:\/\/gotlandexcursion.se\/de\/wp-json\/wp\/v2\/types\/page"}],"author":[{"embeddable":true,"href":"https:\/\/gotlandexcursion.se\/de\/wp-json\/wp\/v2\/users\/1"}],"replies":[{"embeddable":true,"href":"https:\/\/gotlandexcursion.se\/de\/wp-json\/wp\/v2\/comments?post=658"}],"version-history":[{"count":4,"href":"https:\/\/gotlandexcursion.se\/de\/wp-json\/wp\/v2\/pages\/658\/revisions"}],"predecessor-version":[{"id":705,"href":"https:\/\/gotlandexcursion.se\/de\/wp-json\/wp\/v2\/pages\/658\/revisions\/705"}],"wp:attachment":[{"href":"https:\/\/gotlandexcursion.se\/de\/wp-json\/wp\/v2\/media?parent=658"}],"curies":[{"name":"wp","href":"https:\/\/api.w.org\/{rel}","templated":true}]}}