{"id":657,"date":"2015-06-23T09:54:46","date_gmt":"2015-06-23T07:54:46","guid":{"rendered":"https:\/\/gotlandexcursion.se\/?page_id=16"},"modified":"2023-02-08T13:52:57","modified_gmt":"2023-02-08T12:52:57","slug":"home","status":"publish","type":"page","link":"https:\/\/gotlandexcursion.se\/de\/","title":{"rendered":"Home"},"content":{"rendered":"<div id='full_slider_1'  class='avia-fullwidth-slider main_color avia-shadow   avia-builder-el-0  el_before_av_heading  avia-builder-el-first   container_wrap sidebar_right'  >\n<style type=\"text\/css\" data-created_by=\"avia_inline_auto\" id=\"style-css-av-26e0bt-09984d847d3c5b5442c18469e44e5f42\">\n#top #wrap_all .avia-slideshow .av-slideshow-caption.av-26e0bt-09984d847d3c5b5442c18469e44e5f42__0 .avia-caption-title{\nfont-size:66px;\ncolor:#ffffff;\n}\n#top #wrap_all .avia-slideshow .av-slideshow-caption.av-26e0bt-09984d847d3c5b5442c18469e44e5f42__1 .avia-caption-title{\nfont-size:30px;\ncolor:#ffffff;\n}\n#top #wrap_all .avia-slideshow .av-slideshow-caption.av-26e0bt-09984d847d3c5b5442c18469e44e5f42__2 .avia-caption-title{\nfont-size:36px;\ncolor:#ffffff;\n}\n#top #wrap_all .avia-slideshow .av-slideshow-caption.av-26e0bt-09984d847d3c5b5442c18469e44e5f42__3 .avia-caption-title{\nfont-size:36px;\ncolor:#222222;\n}\n<\/style>\n<div  class='avia-slideshow av-26e0bt-09984d847d3c5b5442c18469e44e5f42 avia-slideshow-featured_large av_slideshow_full avia-fade-slider av-slideshow-ui av-control-minimal av-slideshow-autoplay av-loop-endless av-loop-manual-endless av-default-height-applied   avia-slideshow-1' data-slideshow-options=\"{&quot;animation&quot;:&quot;fade&quot;,&quot;autoplay&quot;:true,&quot;loop_autoplay&quot;:&quot;endless&quot;,&quot;interval&quot;:5,&quot;loop_manual&quot;:&quot;manual-endless&quot;,&quot;autoplay_stopper&quot;:false,&quot;noNavigation&quot;:false,&quot;bg_slider&quot;:false,&quot;keep_padding&quot;:false,&quot;hoverpause&quot;:false,&quot;show_slide_delay&quot;:0}\"  itemprop=\"image\" itemscope=\"itemscope\" itemtype=\"https:\/\/schema.org\/ImageObject\" ><ul class='avia-slideshow-inner ' style='padding-bottom: 42%;'><li  class='avia-slideshow-slide av-26e0bt-09984d847d3c5b5442c18469e44e5f42__0  slide-1 slide-odd'><div data-rel='slideshow-1' class='avia-slide-wrap '   ><div class='av-slideshow-caption av-26e0bt-09984d847d3c5b5442c18469e44e5f42__0 caption_fullwidth caption_left'><div class=\"container caption_container\"><div class=\"slideshow_caption\"><div class=\"slideshow_inner_caption\"><div class=\"slideshow_align_caption\"><h2 class='avia-caption-title '  itemprop=\"name\" >Willkommen auf Gotland \u2013 der Insel der Gegens\u00e4tze!<\/h2><\/div><\/div><\/div><\/div><\/div><img decoding=\"async\" fetchpriority=\"high\" class=\"wp-image-496 avia-img-lazy-loading-not-496\"  src=\"https:\/\/gotlandexcursion.se\/de\/wp-content\/uploads\/sites\/2\/2015\/06\/home_v2_1.jpg\" width=\"1500\" height=\"630\" title='home_v2_1' alt=''  itemprop=\"thumbnailUrl\" srcset=\"https:\/\/gotlandexcursion.se\/de\/wp-content\/uploads\/sites\/2\/2015\/06\/home_v2_1.jpg 1500w, https:\/\/gotlandexcursion.se\/de\/wp-content\/uploads\/sites\/2\/2015\/06\/home_v2_1-300x126.jpg 300w, https:\/\/gotlandexcursion.se\/de\/wp-content\/uploads\/sites\/2\/2015\/06\/home_v2_1-768x323.jpg 768w, https:\/\/gotlandexcursion.se\/de\/wp-content\/uploads\/sites\/2\/2015\/06\/home_v2_1-1030x433.jpg 1030w, https:\/\/gotlandexcursion.se\/de\/wp-content\/uploads\/sites\/2\/2015\/06\/home_v2_1-705x296.jpg 705w, https:\/\/gotlandexcursion.se\/de\/wp-content\/uploads\/sites\/2\/2015\/06\/home_v2_1-450x189.jpg 450w\" sizes=\"(max-width: 1500px) 100vw, 1500px\" \/><\/div><\/li><li  class='avia-slideshow-slide av-26e0bt-09984d847d3c5b5442c18469e44e5f42__1  slide-2 slide-even'><div data-rel='slideshow-1' class='avia-slide-wrap '   ><div class='av-slideshow-caption av-26e0bt-09984d847d3c5b5442c18469e44e5f42__1 caption_fullwidth caption_bottom caption_bottom_framed caption_framed'><div class=\"container caption_container\"><div class=\"slideshow_caption\"><div class=\"slideshow_inner_caption\"><div class=\"slideshow_align_caption\"><h2 class='avia-caption-title '  itemprop=\"name\" >Willkommen auf Gotland und in der mittelalterlichen Stadt Visby<\/h2><\/div><\/div><\/div><\/div><\/div><img decoding=\"async\" fetchpriority=\"high\" class=\"wp-image-129 avia-img-lazy-loading-not-129\"  src=\"https:\/\/gotlandexcursion.se\/de\/wp-content\/uploads\/sites\/2\/2015\/06\/slide_2.jpg\" width=\"1500\" height=\"630\" title='slide_2' alt=''  itemprop=\"thumbnailUrl\" srcset=\"https:\/\/gotlandexcursion.se\/de\/wp-content\/uploads\/sites\/2\/2015\/06\/slide_2.jpg 1500w, https:\/\/gotlandexcursion.se\/de\/wp-content\/uploads\/sites\/2\/2015\/06\/slide_2-300x126.jpg 300w, https:\/\/gotlandexcursion.se\/de\/wp-content\/uploads\/sites\/2\/2015\/06\/slide_2-768x323.jpg 768w, https:\/\/gotlandexcursion.se\/de\/wp-content\/uploads\/sites\/2\/2015\/06\/slide_2-1030x433.jpg 1030w, https:\/\/gotlandexcursion.se\/de\/wp-content\/uploads\/sites\/2\/2015\/06\/slide_2-705x296.jpg 705w, https:\/\/gotlandexcursion.se\/de\/wp-content\/uploads\/sites\/2\/2015\/06\/slide_2-450x189.jpg 450w\" sizes=\"(max-width: 1500px) 100vw, 1500px\" \/><\/div><\/li><li  class='avia-slideshow-slide av-26e0bt-09984d847d3c5b5442c18469e44e5f42__2  slide-3 slide-odd'><div data-rel='slideshow-1' class='avia-slide-wrap '   ><div class='av-slideshow-caption av-26e0bt-09984d847d3c5b5442c18469e44e5f42__2 caption_fullwidth caption_bottom'><div class=\"container caption_container\"><div class=\"slideshow_caption\"><div class=\"slideshow_inner_caption\"><div class=\"slideshow_align_caption\"><h2 class='avia-caption-title '  itemprop=\"name\" >So schmeckt Gotland<\/h2><\/div><\/div><\/div><\/div><\/div><img decoding=\"async\" fetchpriority=\"high\" class=\"wp-image-138 avia-img-lazy-loading-not-138\"  src=\"https:\/\/gotlandexcursion.se\/de\/wp-content\/uploads\/sites\/2\/2015\/06\/slide_3.jpg\" width=\"1500\" height=\"630\" title='slide_3' alt=''  itemprop=\"thumbnailUrl\" srcset=\"https:\/\/gotlandexcursion.se\/de\/wp-content\/uploads\/sites\/2\/2015\/06\/slide_3.jpg 1500w, https:\/\/gotlandexcursion.se\/de\/wp-content\/uploads\/sites\/2\/2015\/06\/slide_3-300x126.jpg 300w, https:\/\/gotlandexcursion.se\/de\/wp-content\/uploads\/sites\/2\/2015\/06\/slide_3-768x323.jpg 768w, https:\/\/gotlandexcursion.se\/de\/wp-content\/uploads\/sites\/2\/2015\/06\/slide_3-1030x433.jpg 1030w, https:\/\/gotlandexcursion.se\/de\/wp-content\/uploads\/sites\/2\/2015\/06\/slide_3-705x296.jpg 705w, https:\/\/gotlandexcursion.se\/de\/wp-content\/uploads\/sites\/2\/2015\/06\/slide_3-450x189.jpg 450w\" sizes=\"(max-width: 1500px) 100vw, 1500px\" \/><\/div><\/li><li  class='avia-slideshow-slide av-26e0bt-09984d847d3c5b5442c18469e44e5f42__3  slide-4 slide-even'><div data-rel='slideshow-1' class='avia-slide-wrap '   ><div class='av-slideshow-caption av-26e0bt-09984d847d3c5b5442c18469e44e5f42__3 caption_fullwidth caption_bottom'><div class=\"container caption_container\"><div class=\"slideshow_caption\"><div class=\"slideshow_inner_caption\"><div class=\"slideshow_align_caption\"><h2 class='avia-caption-title '  itemprop=\"name\" >Nehmen Sie an der Tour teil und lassen Sie sich inspirieren<\/h2><\/div><\/div><\/div><\/div><\/div><img decoding=\"async\" fetchpriority=\"high\" class=\"wp-image-141 avia-img-lazy-loading-not-141\"  src=\"https:\/\/gotlandexcursion.se\/de\/wp-content\/uploads\/sites\/2\/2015\/06\/slide_4.jpg\" width=\"1500\" height=\"630\" title='slide_4' alt=''  itemprop=\"thumbnailUrl\" srcset=\"https:\/\/gotlandexcursion.se\/de\/wp-content\/uploads\/sites\/2\/2015\/06\/slide_4.jpg 1500w, https:\/\/gotlandexcursion.se\/de\/wp-content\/uploads\/sites\/2\/2015\/06\/slide_4-300x126.jpg 300w, https:\/\/gotlandexcursion.se\/de\/wp-content\/uploads\/sites\/2\/2015\/06\/slide_4-768x323.jpg 768w, https:\/\/gotlandexcursion.se\/de\/wp-content\/uploads\/sites\/2\/2015\/06\/slide_4-1030x433.jpg 1030w, https:\/\/gotlandexcursion.se\/de\/wp-content\/uploads\/sites\/2\/2015\/06\/slide_4-705x296.jpg 705w, https:\/\/gotlandexcursion.se\/de\/wp-content\/uploads\/sites\/2\/2015\/06\/slide_4-450x189.jpg 450w\" sizes=\"(max-width: 1500px) 100vw, 1500px\" \/><\/div><\/li><li  class='avia-slideshow-slide av-26e0bt-09984d847d3c5b5442c18469e44e5f42__4  slide-5 slide-odd'><div data-rel='slideshow-1' class='avia-slide-wrap '   ><img decoding=\"async\" fetchpriority=\"high\" class=\"wp-image-501 avia-img-lazy-loading-not-501\"  src=\"https:\/\/gotlandexcursion.se\/de\/wp-content\/uploads\/sites\/2\/2015\/06\/home_v2_4.jpg\" width=\"1500\" height=\"630\" title='home_v2_4' alt=''  itemprop=\"thumbnailUrl\" srcset=\"https:\/\/gotlandexcursion.se\/de\/wp-content\/uploads\/sites\/2\/2015\/06\/home_v2_4.jpg 1500w, https:\/\/gotlandexcursion.se\/de\/wp-content\/uploads\/sites\/2\/2015\/06\/home_v2_4-300x126.jpg 300w, https:\/\/gotlandexcursion.se\/de\/wp-content\/uploads\/sites\/2\/2015\/06\/home_v2_4-768x323.jpg 768w, https:\/\/gotlandexcursion.se\/de\/wp-content\/uploads\/sites\/2\/2015\/06\/home_v2_4-1030x433.jpg 1030w, https:\/\/gotlandexcursion.se\/de\/wp-content\/uploads\/sites\/2\/2015\/06\/home_v2_4-705x296.jpg 705w, https:\/\/gotlandexcursion.se\/de\/wp-content\/uploads\/sites\/2\/2015\/06\/home_v2_4-450x189.jpg 450w\" sizes=\"(max-width: 1500px) 100vw, 1500px\" \/><\/div><\/li><li  class='avia-slideshow-slide av-26e0bt-09984d847d3c5b5442c18469e44e5f42__5  slide-6 slide-even'><div data-rel='slideshow-1' class='avia-slide-wrap '   ><img decoding=\"async\" fetchpriority=\"high\" class=\"wp-image-502 avia-img-lazy-loading-not-502\"  src=\"https:\/\/gotlandexcursion.se\/de\/wp-content\/uploads\/sites\/2\/2015\/06\/home_v2_2.jpg\" width=\"1500\" height=\"630\" title='home_v2_2' alt=''  itemprop=\"thumbnailUrl\" srcset=\"https:\/\/gotlandexcursion.se\/de\/wp-content\/uploads\/sites\/2\/2015\/06\/home_v2_2.jpg 1500w, https:\/\/gotlandexcursion.se\/de\/wp-content\/uploads\/sites\/2\/2015\/06\/home_v2_2-300x126.jpg 300w, https:\/\/gotlandexcursion.se\/de\/wp-content\/uploads\/sites\/2\/2015\/06\/home_v2_2-768x323.jpg 768w, https:\/\/gotlandexcursion.se\/de\/wp-content\/uploads\/sites\/2\/2015\/06\/home_v2_2-1030x433.jpg 1030w, https:\/\/gotlandexcursion.se\/de\/wp-content\/uploads\/sites\/2\/2015\/06\/home_v2_2-705x296.jpg 705w, https:\/\/gotlandexcursion.se\/de\/wp-content\/uploads\/sites\/2\/2015\/06\/home_v2_2-450x189.jpg 450w\" sizes=\"(max-width: 1500px) 100vw, 1500px\" \/><\/div><\/li><\/ul><div class='avia-slideshow-arrows avia-slideshow-controls' ><a href='#prev' class='prev-slide ' aria-hidden='true' data-av_icon='\ue87c' data-av_iconfont='entypo-fontello'  tabindex='-1'>Zur\u00fcck<\/a><a href='#next' class='next-slide ' aria-hidden='true' data-av_icon='\ue87d' data-av_iconfont='entypo-fontello'  tabindex='-1'>Weiter<\/a><\/div><div class='avia-slideshow-dots avia-slideshow-controls'><a href='#1' class='goto-slide active' >1<\/a><a href='#2' class='goto-slide ' >2<\/a><a href='#3' class='goto-slide ' >3<\/a><a href='#4' class='goto-slide ' >4<\/a><a href='#5' class='goto-slide ' >5<\/a><a href='#6' class='goto-slide ' >6<\/a><\/div><\/div><\/div><div id='after_full_slider_1'  class='main_color av_default_container_wrap container_wrap sidebar_right'  ><div class='container av-section-cont-open' ><div class='template-page content  av-content-small alpha units'><div class='post-entry post-entry-type-page post-entry-657'><div class='entry-content-wrapper clearfix'>\n\n<style type=\"text\/css\" data-created_by=\"avia_inline_auto\" id=\"style-css-av-1498kp-cbc1fe816fa525abb8c1cf61d29cda44\">\n#top .av-special-heading.av-1498kp-cbc1fe816fa525abb8c1cf61d29cda44{\npadding-bottom:50px;\n}\nbody .av-special-heading.av-1498kp-cbc1fe816fa525abb8c1cf61d29cda44 .av-special-heading-tag .heading-char{\nfont-size:25px;\n}\n.av-special-heading.av-1498kp-cbc1fe816fa525abb8c1cf61d29cda44 .av-subheading{\nfont-size:22px;\n}\n<\/style>\n<div  class='av-special-heading av-1498kp-cbc1fe816fa525abb8c1cf61d29cda44 av-special-heading-h1 blockquote modern-quote  avia-builder-el-1  el_after_av_slideshow_full  el_before_av_one_half  avia-builder-el-first '><h1 class='av-special-heading-tag '  itemprop=\"headline\"  >Gotland Excursion bietet Ausfl\u00fcge f\u00fcr Passagiere von Kreuzfahrtschiffen und andere Gruppen an, die Gotland besuchen. Unsere G\u00e4ste kommen aus der ganzen Welt.<\/h1><div class=\"special-heading-border\"><div class=\"special-heading-inner-border\"><\/div><\/div><\/div>\n\n<style type=\"text\/css\" data-created_by=\"avia_inline_auto\" id=\"style-css-av-upnqx-50f8235e6fda96921d38b8855ae8366d\">\n.flex_column.av-upnqx-50f8235e6fda96921d38b8855ae8366d{\nborder-radius:0px 0px 0px 0px;\npadding:0px 0px 0px 0px;\n}\n<\/style>\n<div  class='flex_column av-upnqx-50f8235e6fda96921d38b8855ae8366d av_one_half  avia-builder-el-2  el_after_av_heading  el_before_av_one_half  first flex_column_div av-zero-column-padding  '     ><style type=\"text\/css\" data-created_by=\"avia_inline_auto\" id=\"style-css-av-rduh5-2d342615460601e1c044f0296159ef24\">\n#top .av_textblock_section.av-rduh5-2d342615460601e1c044f0296159ef24 .avia_textblock{\nfont-size:20px;\n}\n<\/style>\n<section  class='av_textblock_section av-rduh5-2d342615460601e1c044f0296159ef24 '   itemscope=\"itemscope\" itemtype=\"https:\/\/schema.org\/CreativeWork\" ><div class='avia_textblock'  itemprop=\"text\" ><p>Gotland ist Schwedens gr\u00f6\u00dfte Insel und in vielerlei Hinsicht fast wie ein eigenst\u00e4ndiges Land \u2013 eine Insel der Gegens\u00e4tze.<\/p>\n<p>Gotland Excursion organisiert Ausfl\u00fcge f\u00fcr die Passagiere von Kreuzfahrtschiffen und Tourenpakete f\u00fcr Reisegruppen, die Gotland auf anderem Wege besuchen.<\/p>\n<p>Unsere Kompetenz und Flexibilit\u00e4t sowie unsere umfassenden Branchen- und Ortskenntnisse stellen sicher, dass wir Ihnen das optimal auf Ihre W\u00fcnsche abgestimmte Tourenpaket zusammenstellen.<\/p>\n<p>Zu uns kommen G\u00e4ste aus aller Welt und wir verf\u00fcgen \u00fcber autorisierte Fremdenf\u00fchrer in zahlreichen Sprachen.<\/p>\n<p>Bitte beachten Sie, dass wir zur Zeit leider keine Buchungen von Privatpersonen entgegennehmen k\u00f6nnen.<\/p>\n<\/div><\/section><\/div>\n<style type=\"text\/css\" data-created_by=\"avia_inline_auto\" id=\"style-css-av-l0al5-c0d03fbed6f3ae16812099c2a3281ba4\">\n.flex_column.av-l0al5-c0d03fbed6f3ae16812099c2a3281ba4{\nborder-radius:0px 0px 0px 0px;\npadding:0px 0px 0px 0px;\n}\n<\/style>\n<div  class='flex_column av-l0al5-c0d03fbed6f3ae16812099c2a3281ba4 av_one_half  avia-builder-el-4  el_after_av_one_half  el_before_av_hr  flex_column_div av-zero-column-padding  '     ><style type=\"text\/css\" data-created_by=\"avia_inline_auto\" id=\"style-css-av-db1vl-c56aff964d8386d57c24f48e6b55c80d\">\n.avia-image-container.av-db1vl-c56aff964d8386d57c24f48e6b55c80d img.avia_image{\nbox-shadow:none;\n}\n.avia-image-container.av-db1vl-c56aff964d8386d57c24f48e6b55c80d .av-image-caption-overlay-center{\ncolor:#ffffff;\n}\n<\/style>\n<div  class='avia-image-container av-db1vl-c56aff964d8386d57c24f48e6b55c80d av-styling-no-styling av-hover-grow avia-align-center  avia-builder-el-5  avia-builder-el-no-sibling '   itemprop=\"image\" itemscope=\"itemscope\" itemtype=\"https:\/\/schema.org\/ImageObject\" ><div class=\"avia-image-container-inner\"><div class=\"avia-image-overlay-wrap\"><img decoding=\"async\" fetchpriority=\"high\" class='wp-image-633 avia-img-lazy-loading-not-633 avia_image ' src=\"https:\/\/gotlandexcursion.se\/de\/wp-content\/uploads\/sites\/2\/2016\/04\/Karta.jpg\" alt='' title='Karta'  height=\"614\" width=\"615\"  itemprop=\"thumbnailUrl\" srcset=\"https:\/\/gotlandexcursion.se\/de\/wp-content\/uploads\/sites\/2\/2016\/04\/Karta.jpg 615w, https:\/\/gotlandexcursion.se\/de\/wp-content\/uploads\/sites\/2\/2016\/04\/Karta-80x80.jpg 80w, https:\/\/gotlandexcursion.se\/de\/wp-content\/uploads\/sites\/2\/2016\/04\/Karta-300x300.jpg 300w, https:\/\/gotlandexcursion.se\/de\/wp-content\/uploads\/sites\/2\/2016\/04\/Karta-36x36.jpg 36w, https:\/\/gotlandexcursion.se\/de\/wp-content\/uploads\/sites\/2\/2016\/04\/Karta-180x180.jpg 180w, https:\/\/gotlandexcursion.se\/de\/wp-content\/uploads\/sites\/2\/2016\/04\/Karta-120x120.jpg 120w, https:\/\/gotlandexcursion.se\/de\/wp-content\/uploads\/sites\/2\/2016\/04\/Karta-450x449.jpg 450w\" sizes=\"(max-width: 615px) 100vw, 615px\" \/><\/div><\/div><\/div><\/div><\/p>\n\n<style type=\"text\/css\" data-created_by=\"avia_inline_auto\" id=\"style-css-av-8jcjt-d8668d9b58ded91426339e068ef0eb1f\">\n#top .hr.hr-invisible.av-8jcjt-d8668d9b58ded91426339e068ef0eb1f{\nheight:50px;\n}\n<\/style>\n<div  class='hr av-8jcjt-d8668d9b58ded91426339e068ef0eb1f hr-invisible  avia-builder-el-6  el_after_av_one_half  avia-builder-el-last '><span class='hr-inner '><span class=\"hr-inner-style\"><\/span><\/span><\/div>\n","protected":false},"excerpt":{"rendered":"","protected":false},"author":1,"featured_media":0,"parent":0,"menu_order":0,"comment_status":"open","ping_status":"open","template":"","meta":{"footnotes":""},"class_list":["post-657","page","type-page","status-publish","hentry"],"_links":{"self":[{"href":"https:\/\/gotlandexcursion.se\/de\/wp-json\/wp\/v2\/pages\/657","targetHints":{"allow":["GET"]}}],"collection":[{"href":"https:\/\/gotlandexcursion.se\/de\/wp-json\/wp\/v2\/pages"}],"about":[{"href":"https:\/\/gotlandexcursion.se\/de\/wp-json\/wp\/v2\/types\/page"}],"author":[{"embeddable":true,"href":"https:\/\/gotlandexcursion.se\/de\/wp-json\/wp\/v2\/users\/1"}],"replies":[{"embeddable":true,"href":"https:\/\/gotlandexcursion.se\/de\/wp-json\/wp\/v2\/comments?post=657"}],"version-history":[{"count":5,"href":"https:\/\/gotlandexcursion.se\/de\/wp-json\/wp\/v2\/pages\/657\/revisions"}],"predecessor-version":[{"id":757,"href":"https:\/\/gotlandexcursion.se\/de\/wp-json\/wp\/v2\/pages\/657\/revisions\/757"}],"wp:attachment":[{"href":"https:\/\/gotlandexcursion.se\/de\/wp-json\/wp\/v2\/media?parent=657"}],"curies":[{"name":"wp","href":"https:\/\/api.w.org\/{rel}","templated":true}]}}